{"id":23493,"date":"2022-09-19T14:00:06","date_gmt":"2022-09-19T14:00:06","guid":{"rendered":"https:\/\/seo.london\/?page_id=23493"},"modified":"2022-12-28T19:08:39","modified_gmt":"2022-12-28T19:08:39","slug":"seo-strateji%cc%87si%cc%87-londra","status":"publish","type":"page","link":"https:\/\/seo.london\/tr\/seo-strateji%cc%87si%cc%87-londra\/","title":{"rendered":"SEO Stratejisi Londra"},"content":{"rendered":"","protected":false},"excerpt":{"rendered":"","protected":false},"author":6,"featured_media":23500,"parent":0,"menu_order":0,"comment_status":"closed","ping_status":"closed","template":"pagebuilder.php","meta":{"footnotes":""},"class_list":["post-23493","page","type-page","status-publish","has-post-thumbnail","hentry"],"acf":[],"yoast_head":"<!-- This site is optimized with the Yoast SEO Premium plugin v20.9 (Yoast SEO v26.4) - https:\/\/yoast.com\/wordpress\/plugins\/seo\/ -->\n<title>SEO Strategy London - SEO.London<\/title>\n<meta name=\"description\" content=\"Find more about London based SEO Strategy. Contact Lukasz Zelezny, a London-based SEO Consultant, so he can help you and your business.\" \/>\n<meta name=\"robots\" content=\"index, follow, max-snippet:-1, max-image-preview:large, max-video-preview:-1\" \/>\n<link rel=\"canonical\" href=\"https:\/\/seo.london\/tr\/seo-strateji\u0307si\u0307-londra\/\" \/>\n<meta property=\"og:locale\" content=\"tr_TR\" \/>\n<meta property=\"og:type\" content=\"article\" \/>\n<meta property=\"og:title\" content=\"SEO Strategy London\" \/>\n<meta property=\"og:description\" content=\"Find more about London based SEO Strategy. Contact Lukasz Zelezny, a London-based SEO Consultant, so he can help you and your business.\" \/>\n<meta property=\"og:url\" content=\"https:\/\/seo.london\/tr\/seo-strateji\u0307si\u0307-londra\/\" \/>\n<meta property=\"og:site_name\" content=\"SEO.London\" \/>\n<meta property=\"article:modified_time\" content=\"2022-12-28T19:08:39+00:00\" \/>\n<meta property=\"og:image\" content=\"https:\/\/seo.london\/wp-content\/uploads\/2022\/09\/SEO-Strategy-London.png\" \/>\n\t<meta property=\"og:image:width\" content=\"800\" \/>\n\t<meta property=\"og:image:height\" content=\"450\" \/>\n\t<meta property=\"og:image:type\" content=\"image\/png\" \/>\n<meta name=\"twitter:card\" content=\"summary_large_image\" \/>\n<!-- \/ Yoast SEO Premium plugin. -->","yoast_head_json":{"title":"SEO Stratejisi Londra - SEO.London","description":"Londra merkezli SEO Stratejisi hakk\u0131nda daha fazla bilgi edinin. Size ve i\u015fletmenize yard\u0131mc\u0131 olabilmesi i\u00e7in Londra merkezli bir SEO Dan\u0131\u015fman\u0131 olan Lukasz Zelezny ile ileti\u015fime ge\u00e7in.","robots":{"index":"index","follow":"follow","max-snippet":"max-snippet:-1","max-image-preview":"max-image-preview:large","max-video-preview":"max-video-preview:-1"},"canonical":"https:\/\/seo.london\/tr\/seo-strateji\u0307si\u0307-londra\/","og_locale":"tr_TR","og_type":"article","og_title":"SEO Strategy London","og_description":"Find more about London based SEO Strategy. Contact Lukasz Zelezny, a London-based SEO Consultant, so he can help you and your business.","og_url":"https:\/\/seo.london\/tr\/seo-strateji\u0307si\u0307-londra\/","og_site_name":"SEO.London","article_modified_time":"2022-12-28T19:08:39+00:00","og_image":[{"width":800,"height":450,"url":"https:\/\/seo.london\/wp-content\/uploads\/2022\/09\/SEO-Strategy-London.png","type":"image\/png"}],"twitter_card":"summary_large_image","schema":{"@context":"https:\/\/schema.org","@graph":[{"@type":"WebPage","@id":"https:\/\/seo.london\/seo-strategy-london\/","url":"https:\/\/seo.london\/seo-strategy-london\/","name":"SEO Stratejisi Londra - SEO.London","isPartOf":{"@id":"https:\/\/seo.london\/fi\/#website"},"primaryImageOfPage":{"@id":"https:\/\/seo.london\/seo-strategy-london\/#primaryimage"},"image":{"@id":"https:\/\/seo.london\/seo-strategy-london\/#primaryimage"},"thumbnailUrl":"https:\/\/seo.london\/wp-content\/uploads\/2022\/09\/SEO-Strategy-London.png","datePublished":"2022-09-19T14:00:06+00:00","dateModified":"2022-12-28T19:08:39+00:00","description":"Londra merkezli SEO Stratejisi hakk\u0131nda daha fazla bilgi edinin. Size ve i\u015fletmenize yard\u0131mc\u0131 olabilmesi i\u00e7in Londra merkezli bir SEO Dan\u0131\u015fman\u0131 olan Lukasz Zelezny ile ileti\u015fime ge\u00e7in.","breadcrumb":{"@id":"https:\/\/seo.london\/seo-strategy-london\/#breadcrumb"},"inLanguage":"tr","potentialAction":[{"@type":"ReadAction","target":["https:\/\/seo.london\/seo-strategy-london\/"]}]},{"@type":"ImageObject","inLanguage":"tr","@id":"https:\/\/seo.london\/seo-strategy-london\/#primaryimage","url":"https:\/\/seo.london\/wp-content\/uploads\/2022\/09\/SEO-Strategy-London.png","contentUrl":"https:\/\/seo.london\/wp-content\/uploads\/2022\/09\/SEO-Strategy-London.png","width":800,"height":450,"caption":"SEO Strategy London"},{"@type":"BreadcrumbList","@id":"https:\/\/seo.london\/seo-strategy-london\/#breadcrumb","itemListElement":[{"@type":"ListItem","position":1,"name":"Home","item":"https:\/\/seo.london\/fr\/"},{"@type":"ListItem","position":2,"name":"SEO Strategy London"}]},{"@type":"WebSite","@id":"https:\/\/seo.london\/fi\/#website","url":"https:\/\/seo.london\/fi\/","name":"SEO.London","description":"Londra, \u0130ngiltere'de SEO Dan\u0131\u015fman\u0131 ve Uzman \u015eirketi - Lukasz Zelezny","potentialAction":[{"@type":"SearchAction","target":{"@type":"EntryPoint","urlTemplate":"https:\/\/seo.london\/fi\/?s={search_term_string}"},"query-input":{"@type":"PropertyValueSpecification","valueRequired":true,"valueName":"search_term_string"}}],"inLanguage":"tr"}]}},"_links":{"self":[{"href":"https:\/\/seo.london\/tr\/wp-json\/wp\/v2\/pages\/23493","targetHints":{"allow":["GET"]}}],"collection":[{"href":"https:\/\/seo.london\/tr\/wp-json\/wp\/v2\/pages"}],"about":[{"href":"https:\/\/seo.london\/tr\/wp-json\/wp\/v2\/types\/page"}],"author":[{"embeddable":true,"href":"https:\/\/seo.london\/tr\/wp-json\/wp\/v2\/users\/6"}],"replies":[{"embeddable":true,"href":"https:\/\/seo.london\/tr\/wp-json\/wp\/v2\/comments?post=23493"}],"version-history":[{"count":0,"href":"https:\/\/seo.london\/tr\/wp-json\/wp\/v2\/pages\/23493\/revisions"}],"wp:featuredmedia":[{"embeddable":true,"href":"https:\/\/seo.london\/tr\/wp-json\/wp\/v2\/media\/23500"}],"wp:attachment":[{"href":"https:\/\/seo.london\/tr\/wp-json\/wp\/v2\/media?parent=23493"}],"curies":[{"name":"wp","href":"https:\/\/api.w.org\/{rel}","templated":true}]}}