{"id":187,"date":"2021-01-12T11:24:56","date_gmt":"2021-01-12T11:24:56","guid":{"rendered":"https:\/\/seo.london\/?page_id=187"},"modified":"2021-02-13T22:21:29","modified_gmt":"2021-02-13T22:21:29","slug":"seo-conferences","status":"publish","type":"page","link":"https:\/\/seo.london\/sl\/seo-konference\/","title":{"rendered":"Konference"},"content":{"rendered":"","protected":false},"excerpt":{"rendered":"","protected":false},"author":3,"featured_media":0,"parent":0,"menu_order":0,"comment_status":"closed","ping_status":"closed","template":"pagebuilder.php","meta":{"footnotes":""},"class_list":["post-187","page","type-page","status-publish","hentry"],"acf":[],"yoast_head":"<!-- This site is optimized with the Yoast SEO Premium plugin v20.9 (Yoast SEO v26.4) - https:\/\/yoast.com\/wordpress\/plugins\/seo\/ -->\n<title>SEO Conferences in London - Conferences with Lukasz Zelezny<\/title>\n<meta name=\"description\" content=\"SEO Conferences with Lukasz Zelezny, a London living SEO Evangelist and conference speaker. Contact today and improve your performance.\" \/>\n<meta name=\"robots\" content=\"index, follow, max-snippet:-1, max-image-preview:large, max-video-preview:-1\" \/>\n<link rel=\"canonical\" href=\"https:\/\/seo.london\/sl\/seo-konference\/\" \/>\n<meta property=\"og:locale\" content=\"sl_SI\" \/>\n<meta property=\"og:type\" content=\"article\" \/>\n<meta property=\"og:title\" content=\"Conferences\" \/>\n<meta property=\"og:description\" content=\"SEO Conferences with Lukasz Zelezny, a London living SEO Evangelist and conference speaker. Contact today and improve your performance.\" \/>\n<meta property=\"og:url\" content=\"https:\/\/seo.london\/sl\/seo-konference\/\" \/>\n<meta property=\"og:site_name\" content=\"SEO.London\" \/>\n<meta property=\"article:modified_time\" content=\"2021-02-13T22:21:29+00:00\" \/>\n<meta name=\"twitter:card\" content=\"summary_large_image\" \/>\n<!-- \/ Yoast SEO Premium plugin. -->","yoast_head_json":{"title":"SEO konference v Londonu - Konference z Lukaszom Zeleznyjem","description":"SEO konference z Lukaszom Zeleznyjem, ki \u017eivi v Londonu, SEO evangelistom in govornikom na konferencah. Kontaktirajte ga \u0161e danes in izbolj\u0161ajte svojo u\u010dinkovitost.","robots":{"index":"index","follow":"follow","max-snippet":"max-snippet:-1","max-image-preview":"max-image-preview:large","max-video-preview":"max-video-preview:-1"},"canonical":"https:\/\/seo.london\/sl\/seo-konference\/","og_locale":"sl_SI","og_type":"article","og_title":"Conferences","og_description":"SEO Conferences with Lukasz Zelezny, a London living SEO Evangelist and conference speaker. Contact today and improve your performance.","og_url":"https:\/\/seo.london\/sl\/seo-konference\/","og_site_name":"SEO.London","article_modified_time":"2021-02-13T22:21:29+00:00","twitter_card":"summary_large_image","schema":{"@context":"https:\/\/schema.org","@graph":[{"@type":"WebPage","@id":"https:\/\/seo.london\/fr\/seo-conferences\/","url":"https:\/\/seo.london\/fr\/seo-conferences\/","name":"SEO konference v Londonu - Konference z Lukaszom Zeleznyjem","isPartOf":{"@id":"https:\/\/seo.london\/fi\/#website"},"datePublished":"2021-01-12T11:24:56+00:00","dateModified":"2021-02-13T22:21:29+00:00","description":"SEO konference z Lukaszom Zeleznyjem, ki \u017eivi v Londonu, SEO evangelistom in govornikom na konferencah. Kontaktirajte ga \u0161e danes in izbolj\u0161ajte svojo u\u010dinkovitost.","breadcrumb":{"@id":"https:\/\/seo.london\/fr\/seo-conferences\/#breadcrumb"},"inLanguage":"sl-SI","potentialAction":[{"@type":"ReadAction","target":["https:\/\/seo.london\/fr\/seo-conferences\/"]}]},{"@type":"BreadcrumbList","@id":"https:\/\/seo.london\/fr\/seo-conferences\/#breadcrumb","itemListElement":[{"@type":"ListItem","position":1,"name":"Home","item":"https:\/\/seo.london\/fr\/"},{"@type":"ListItem","position":2,"name":"Conferences"}]},{"@type":"WebSite","@id":"https:\/\/seo.london\/fi\/#website","url":"https:\/\/seo.london\/fi\/","name":"SEO.London","description":"SEO svetovalec in strokovno podjetje v Londonu, Zdru\u017eeno kraljestvo - Lukasz Zelezny","potentialAction":[{"@type":"SearchAction","target":{"@type":"EntryPoint","urlTemplate":"https:\/\/seo.london\/fi\/?s={search_term_string}"},"query-input":{"@type":"PropertyValueSpecification","valueRequired":true,"valueName":"search_term_string"}}],"inLanguage":"sl-SI"}]}},"_links":{"self":[{"href":"https:\/\/seo.london\/sl\/wp-json\/wp\/v2\/pages\/187","targetHints":{"allow":["GET"]}}],"collection":[{"href":"https:\/\/seo.london\/sl\/wp-json\/wp\/v2\/pages"}],"about":[{"href":"https:\/\/seo.london\/sl\/wp-json\/wp\/v2\/types\/page"}],"author":[{"embeddable":true,"href":"https:\/\/seo.london\/sl\/wp-json\/wp\/v2\/users\/3"}],"replies":[{"embeddable":true,"href":"https:\/\/seo.london\/sl\/wp-json\/wp\/v2\/comments?post=187"}],"version-history":[{"count":0,"href":"https:\/\/seo.london\/sl\/wp-json\/wp\/v2\/pages\/187\/revisions"}],"wp:attachment":[{"href":"https:\/\/seo.london\/sl\/wp-json\/wp\/v2\/media?parent=187"}],"curies":[{"name":"wp","href":"https:\/\/api.w.org\/{rel}","templated":true}]}}