{"id":23514,"date":"2022-09-20T22:42:28","date_gmt":"2022-09-20T22:42:28","guid":{"rendered":"https:\/\/seo.london\/?page_id=23514"},"modified":"2022-12-28T19:08:35","modified_gmt":"2022-12-28T19:08:35","slug":"marketing-obsahu-seo","status":"publish","type":"page","link":"https:\/\/seo.london\/sk\/marketing-obsahu-seo\/","title":{"rendered":"Marketing obsahu SEO"},"content":{"rendered":"<p>V\u0161etko o <a href=\"https:\/\/seo.london\/sk\/tipy-pre-obsahovy-marketing-na-zlepsenie-seo\/\">obsahov\u00fd marketing<\/a> a <a href=\"https:\/\/seo.london\/sk\/\">SEO<\/a><\/p>","protected":false},"excerpt":{"rendered":"<p>V\u0161etko o marketingu obsahu a SEO<\/p>","protected":false},"author":6,"featured_media":23516,"parent":0,"menu_order":0,"comment_status":"closed","ping_status":"closed","template":"pagebuilder.php","meta":{"footnotes":""},"class_list":["post-23514","page","type-page","status-publish","has-post-thumbnail","hentry"],"acf":[],"yoast_head":"<!-- This site is optimized with the Yoast SEO Premium plugin v20.9 (Yoast SEO v26.4) - https:\/\/yoast.com\/wordpress\/plugins\/seo\/ -->\n<title>SEO Content Marketing - SEO.London<\/title>\n<meta name=\"description\" content=\"All about content marketing and SEO . From Content Strategy Plan through Mixed Content and beyond.\" \/>\n<meta name=\"robots\" content=\"index, follow, max-snippet:-1, max-image-preview:large, max-video-preview:-1\" \/>\n<link rel=\"canonical\" href=\"https:\/\/seo.london\/sk\/marketing-obsahu-seo\/\" \/>\n<meta property=\"og:locale\" content=\"sk_SK\" \/>\n<meta property=\"og:type\" content=\"article\" \/>\n<meta property=\"og:title\" content=\"SEO Content Marketing\" \/>\n<meta property=\"og:description\" content=\"All about content marketing and SEO . From Content Strategy Plan through Mixed Content and beyond.\" \/>\n<meta property=\"og:url\" content=\"https:\/\/seo.london\/sk\/marketing-obsahu-seo\/\" \/>\n<meta property=\"og:site_name\" content=\"SEO.London\" \/>\n<meta property=\"article:modified_time\" content=\"2022-12-28T19:08:35+00:00\" \/>\n<meta property=\"og:image\" content=\"https:\/\/seo.london\/wp-content\/uploads\/2022\/09\/SEO-Content-Marketing-1.png\" \/>\n\t<meta property=\"og:image:width\" content=\"800\" \/>\n\t<meta property=\"og:image:height\" content=\"448\" \/>\n\t<meta property=\"og:image:type\" content=\"image\/png\" \/>\n<meta name=\"twitter:card\" content=\"summary_large_image\" \/>\n<meta name=\"twitter:label1\" content=\"Predpokladan\u00fd \u010das \u010d\u00edtania\" \/>\n\t<meta name=\"twitter:data1\" content=\"1 min\u00fata\" \/>\n<!-- \/ Yoast SEO Premium plugin. -->","yoast_head_json":{"title":"Marketing obsahu SEO - SEO.London","description":"V\u0161etko o marketingu obsahu a SEO . Od pl\u00e1nu strat\u00e9gie obsahu cez zmie\u0161an\u00fd obsah a \u010falej.","robots":{"index":"index","follow":"follow","max-snippet":"max-snippet:-1","max-image-preview":"max-image-preview:large","max-video-preview":"max-video-preview:-1"},"canonical":"https:\/\/seo.london\/sk\/marketing-obsahu-seo\/","og_locale":"sk_SK","og_type":"article","og_title":"SEO Content Marketing","og_description":"All about content marketing and SEO . From Content Strategy Plan through Mixed Content and beyond.","og_url":"https:\/\/seo.london\/sk\/marketing-obsahu-seo\/","og_site_name":"SEO.London","article_modified_time":"2022-12-28T19:08:35+00:00","og_image":[{"width":800,"height":448,"url":"https:\/\/seo.london\/wp-content\/uploads\/2022\/09\/SEO-Content-Marketing-1.png","type":"image\/png"}],"twitter_card":"summary_large_image","twitter_misc":{"Predpokladan\u00fd \u010das \u010d\u00edtania":"1 min\u00fata"},"schema":{"@context":"https:\/\/schema.org","@graph":[{"@type":"WebPage","@id":"https:\/\/seo.london\/sl\/seo-vsebine-marketing\/","url":"https:\/\/seo.london\/seo-content-marketing\/","name":"Marketing obsahu SEO - SEO.London","isPartOf":{"@id":"https:\/\/seo.london\/fi\/#website"},"primaryImageOfPage":{"@id":"https:\/\/seo.london\/seo-content-marketing\/#primaryimage"},"image":{"@id":"https:\/\/seo.london\/seo-content-marketing\/#primaryimage"},"thumbnailUrl":"https:\/\/seo.london\/wp-content\/uploads\/2022\/09\/SEO-Content-Marketing-1.png","datePublished":"2022-09-20T22:42:28+00:00","dateModified":"2022-12-28T19:08:35+00:00","description":"V\u0161etko o marketingu obsahu a SEO . Od pl\u00e1nu strat\u00e9gie obsahu cez zmie\u0161an\u00fd obsah a \u010falej.","breadcrumb":{"@id":"https:\/\/seo.london\/seo-content-marketing\/#breadcrumb"},"inLanguage":"sk-SK","potentialAction":[{"@type":"ReadAction","target":["https:\/\/seo.london\/seo-content-marketing\/"]}]},{"@type":"ImageObject","inLanguage":"sk-SK","@id":"https:\/\/seo.london\/seo-content-marketing\/#primaryimage","url":"https:\/\/seo.london\/wp-content\/uploads\/2022\/09\/SEO-Content-Marketing-1.png","contentUrl":"https:\/\/seo.london\/wp-content\/uploads\/2022\/09\/SEO-Content-Marketing-1.png","width":800,"height":448},{"@type":"BreadcrumbList","@id":"https:\/\/seo.london\/seo-content-marketing\/#breadcrumb","itemListElement":[{"@type":"ListItem","position":1,"name":"Home","item":"https:\/\/seo.london\/fr\/"},{"@type":"ListItem","position":2,"name":"SEO Content Marketing"}]},{"@type":"WebSite","@id":"https:\/\/seo.london\/fi\/#website","url":"https:\/\/seo.london\/fi\/","name":"SEO.London","description":"SEO konzultant a odborn\u00e1 spolo\u010dnos\u0165 v Lond\u00fdne, Ve\u013ek\u00e1 Brit\u00e1nia - Lukasz Zelezny","potentialAction":[{"@type":"SearchAction","target":{"@type":"EntryPoint","urlTemplate":"https:\/\/seo.london\/fi\/?s={search_term_string}"},"query-input":{"@type":"PropertyValueSpecification","valueRequired":true,"valueName":"search_term_string"}}],"inLanguage":"sk-SK"}]}},"_links":{"self":[{"href":"https:\/\/seo.london\/sk\/wp-json\/wp\/v2\/pages\/23514","targetHints":{"allow":["GET"]}}],"collection":[{"href":"https:\/\/seo.london\/sk\/wp-json\/wp\/v2\/pages"}],"about":[{"href":"https:\/\/seo.london\/sk\/wp-json\/wp\/v2\/types\/page"}],"author":[{"embeddable":true,"href":"https:\/\/seo.london\/sk\/wp-json\/wp\/v2\/users\/6"}],"replies":[{"embeddable":true,"href":"https:\/\/seo.london\/sk\/wp-json\/wp\/v2\/comments?post=23514"}],"version-history":[{"count":0,"href":"https:\/\/seo.london\/sk\/wp-json\/wp\/v2\/pages\/23514\/revisions"}],"wp:featuredmedia":[{"embeddable":true,"href":"https:\/\/seo.london\/sk\/wp-json\/wp\/v2\/media\/23516"}],"wp:attachment":[{"href":"https:\/\/seo.london\/sk\/wp-json\/wp\/v2\/media?parent=23514"}],"curies":[{"name":"wp","href":"https:\/\/api.w.org\/{rel}","templated":true}]}}