{"id":21588,"date":"2022-08-04T13:04:46","date_gmt":"2022-08-04T13:04:46","guid":{"rendered":"https:\/\/seo.london\/?page_id=21588"},"modified":"2022-12-28T19:09:33","modified_gmt":"2022-12-28T19:09:33","slug":"medzinarodne-seo-sluzby","status":"publish","type":"page","link":"https:\/\/seo.london\/sk\/medzinarodne-seo-sluzby\/","title":{"rendered":"Medzin\u00e1rodn\u00e1 SEO agent\u00fara Lond\u00fdn"},"content":{"rendered":"","protected":false},"excerpt":{"rendered":"","protected":false},"author":6,"featured_media":21589,"parent":0,"menu_order":0,"comment_status":"closed","ping_status":"closed","template":"pagebuilder.php","meta":{"footnotes":""},"class_list":["post-21588","page","type-page","status-publish","has-post-thumbnail","hentry"],"acf":[],"yoast_head":"<!-- This site is optimized with the Yoast SEO Premium plugin v20.9 (Yoast SEO v26.4) - https:\/\/yoast.com\/wordpress\/plugins\/seo\/ -->\n<title>International SEO Agency London - SEO.London<\/title>\n<meta name=\"description\" content=\"I\u2019m Lukasz Zelezny, the top International SEO consultant living in London. I have almost 20 years of experience in SEO. Lets talk today\" \/>\n<meta name=\"robots\" content=\"index, follow, max-snippet:-1, max-image-preview:large, max-video-preview:-1\" \/>\n<link rel=\"canonical\" href=\"https:\/\/seo.london\/sk\/medzinarodne-seo-sluzby\/\" \/>\n<meta property=\"og:locale\" content=\"sk_SK\" \/>\n<meta property=\"og:type\" content=\"article\" \/>\n<meta property=\"og:title\" content=\"International SEO Agency London\" \/>\n<meta property=\"og:description\" content=\"I\u2019m Lukasz Zelezny, the top International SEO consultant living in London. I have almost 20 years of experience in SEO. Lets talk today\" \/>\n<meta property=\"og:url\" content=\"https:\/\/seo.london\/sk\/medzinarodne-seo-sluzby\/\" \/>\n<meta property=\"og:site_name\" content=\"SEO.London\" \/>\n<meta property=\"article:modified_time\" content=\"2022-12-28T19:09:33+00:00\" \/>\n<meta property=\"og:image\" content=\"https:\/\/seo.london\/wp-content\/uploads\/2022\/08\/international-seo-services.png\" \/>\n\t<meta property=\"og:image:width\" content=\"800\" \/>\n\t<meta property=\"og:image:height\" content=\"449\" \/>\n\t<meta property=\"og:image:type\" content=\"image\/png\" \/>\n<meta name=\"twitter:card\" content=\"summary_large_image\" \/>\n<!-- \/ Yoast SEO Premium plugin. -->","yoast_head_json":{"title":"Medzin\u00e1rodn\u00e1 SEO agent\u00fara Lond\u00fdn - SEO.London","description":"Som Lukasz Zelezny, \u0161pi\u010dkov\u00fd medzin\u00e1rodn\u00fd SEO konzultant \u017eij\u00faci v Lond\u00fdne. M\u00e1m takmer 20 rokov sk\u00fasenost\u00ed v oblasti SEO. Porozpr\u00e1vajme sa e\u0161te dnes","robots":{"index":"index","follow":"follow","max-snippet":"max-snippet:-1","max-image-preview":"max-image-preview:large","max-video-preview":"max-video-preview:-1"},"canonical":"https:\/\/seo.london\/sk\/medzinarodne-seo-sluzby\/","og_locale":"sk_SK","og_type":"article","og_title":"International SEO Agency London","og_description":"I\u2019m Lukasz Zelezny, the top International SEO consultant living in London. I have almost 20 years of experience in SEO. Lets talk today","og_url":"https:\/\/seo.london\/sk\/medzinarodne-seo-sluzby\/","og_site_name":"SEO.London","article_modified_time":"2022-12-28T19:09:33+00:00","og_image":[{"width":800,"height":449,"url":"https:\/\/seo.london\/wp-content\/uploads\/2022\/08\/international-seo-services.png","type":"image\/png"}],"twitter_card":"summary_large_image","schema":{"@context":"https:\/\/schema.org","@graph":[{"@type":"WebPage","@id":"https:\/\/seo.london\/international-seo-services\/","url":"https:\/\/seo.london\/international-seo-services\/","name":"Medzin\u00e1rodn\u00e1 SEO agent\u00fara Lond\u00fdn - SEO.London","isPartOf":{"@id":"https:\/\/seo.london\/fi\/#website"},"primaryImageOfPage":{"@id":"https:\/\/seo.london\/international-seo-services\/#primaryimage"},"image":{"@id":"https:\/\/seo.london\/international-seo-services\/#primaryimage"},"thumbnailUrl":"https:\/\/seo.london\/wp-content\/uploads\/2022\/08\/international-seo-services.png","datePublished":"2022-08-04T13:04:46+00:00","dateModified":"2022-12-28T19:09:33+00:00","description":"Som Lukasz Zelezny, \u0161pi\u010dkov\u00fd medzin\u00e1rodn\u00fd SEO konzultant \u017eij\u00faci v Lond\u00fdne. M\u00e1m takmer 20 rokov sk\u00fasenost\u00ed v oblasti SEO. Porozpr\u00e1vajme sa e\u0161te dnes","breadcrumb":{"@id":"https:\/\/seo.london\/international-seo-services\/#breadcrumb"},"inLanguage":"sk-SK","potentialAction":[{"@type":"ReadAction","target":["https:\/\/seo.london\/international-seo-services\/"]}]},{"@type":"ImageObject","inLanguage":"sk-SK","@id":"https:\/\/seo.london\/international-seo-services\/#primaryimage","url":"https:\/\/seo.london\/wp-content\/uploads\/2022\/08\/international-seo-services.png","contentUrl":"https:\/\/seo.london\/wp-content\/uploads\/2022\/08\/international-seo-services.png","width":800,"height":449,"caption":"international seo services"},{"@type":"BreadcrumbList","@id":"https:\/\/seo.london\/international-seo-services\/#breadcrumb","itemListElement":[{"@type":"ListItem","position":1,"name":"Home","item":"https:\/\/seo.london\/fr\/"},{"@type":"ListItem","position":2,"name":"International SEO Agency London"}]},{"@type":"WebSite","@id":"https:\/\/seo.london\/fi\/#website","url":"https:\/\/seo.london\/fi\/","name":"SEO.London","description":"SEO konzultant a odborn\u00e1 spolo\u010dnos\u0165 v Lond\u00fdne, Ve\u013ek\u00e1 Brit\u00e1nia - Lukasz Zelezny","potentialAction":[{"@type":"SearchAction","target":{"@type":"EntryPoint","urlTemplate":"https:\/\/seo.london\/fi\/?s={search_term_string}"},"query-input":{"@type":"PropertyValueSpecification","valueRequired":true,"valueName":"search_term_string"}}],"inLanguage":"sk-SK"}]}},"_links":{"self":[{"href":"https:\/\/seo.london\/sk\/wp-json\/wp\/v2\/pages\/21588","targetHints":{"allow":["GET"]}}],"collection":[{"href":"https:\/\/seo.london\/sk\/wp-json\/wp\/v2\/pages"}],"about":[{"href":"https:\/\/seo.london\/sk\/wp-json\/wp\/v2\/types\/page"}],"author":[{"embeddable":true,"href":"https:\/\/seo.london\/sk\/wp-json\/wp\/v2\/users\/6"}],"replies":[{"embeddable":true,"href":"https:\/\/seo.london\/sk\/wp-json\/wp\/v2\/comments?post=21588"}],"version-history":[{"count":0,"href":"https:\/\/seo.london\/sk\/wp-json\/wp\/v2\/pages\/21588\/revisions"}],"wp:featuredmedia":[{"embeddable":true,"href":"https:\/\/seo.london\/sk\/wp-json\/wp\/v2\/media\/21589"}],"wp:attachment":[{"href":"https:\/\/seo.london\/sk\/wp-json\/wp\/v2\/media?parent=21588"}],"curies":[{"name":"wp","href":"https:\/\/api.w.org\/{rel}","templated":true}]}}