{"id":18433,"date":"2022-05-21T16:57:01","date_gmt":"2022-05-21T16:57:01","guid":{"rendered":"https:\/\/seo.london\/?page_id=18433"},"modified":"2022-12-28T19:10:38","modified_gmt":"2022-12-28T19:10:38","slug":"sprievodcovia-miestnymi-seo-sluzbami","status":"publish","type":"page","link":"https:\/\/seo.london\/sk\/sprievodcovia-miestnymi-seo-sluzbami\/","title":{"rendered":"Sprievodcovia miestnymi slu\u017ebami SEO"},"content":{"rendered":"","protected":false},"excerpt":{"rendered":"","protected":false},"author":6,"featured_media":0,"parent":0,"menu_order":0,"comment_status":"closed","ping_status":"closed","template":"pagebuilder.php","meta":{"footnotes":""},"class_list":["post-18433","page","type-page","status-publish","hentry"],"acf":[],"yoast_head":"<!-- This site is optimized with the Yoast SEO Premium plugin v20.9 (Yoast SEO v26.4) - https:\/\/yoast.com\/wordpress\/plugins\/seo\/ -->\n<title>Local SEO Services Guides - SEO.London<\/title>\n<meta name=\"description\" content=\"All you want to know about Local SEO. Hire Lukasz Zelezny, a #1 SEO Consultant in London. Read more.\" \/>\n<meta name=\"robots\" content=\"index, follow, max-snippet:-1, max-image-preview:large, max-video-preview:-1\" \/>\n<link rel=\"canonical\" href=\"https:\/\/seo.london\/sk\/sprievodcovia-miestnymi-seo-sluzbami\/\" \/>\n<meta property=\"og:locale\" content=\"sk_SK\" \/>\n<meta property=\"og:type\" content=\"article\" \/>\n<meta property=\"og:title\" content=\"Local SEO Services Guides\" \/>\n<meta property=\"og:description\" content=\"All you want to know about Local SEO. Hire Lukasz Zelezny, a #1 SEO Consultant in London. Read more.\" \/>\n<meta property=\"og:url\" content=\"https:\/\/seo.london\/sk\/sprievodcovia-miestnymi-seo-sluzbami\/\" \/>\n<meta property=\"og:site_name\" content=\"SEO.London\" \/>\n<meta property=\"article:modified_time\" content=\"2022-12-28T19:10:38+00:00\" \/>\n<meta name=\"twitter:card\" content=\"summary_large_image\" \/>\n<!-- \/ Yoast SEO Premium plugin. -->","yoast_head_json":{"title":"Sprievodcovia lok\u00e1lnymi slu\u017ebami SEO - SEO.London","description":"V\u0161etko, \u010do chcete vedie\u0165 o lok\u00e1lnom SEO. Najmite si Lukasza Zelezneho, #1 SEO konzultanta v Lond\u00fdne. Pre\u010d\u00edtajte si viac.","robots":{"index":"index","follow":"follow","max-snippet":"max-snippet:-1","max-image-preview":"max-image-preview:large","max-video-preview":"max-video-preview:-1"},"canonical":"https:\/\/seo.london\/sk\/sprievodcovia-miestnymi-seo-sluzbami\/","og_locale":"sk_SK","og_type":"article","og_title":"Local SEO Services Guides","og_description":"All you want to know about Local SEO. Hire Lukasz Zelezny, a #1 SEO Consultant in London. Read more.","og_url":"https:\/\/seo.london\/sk\/sprievodcovia-miestnymi-seo-sluzbami\/","og_site_name":"SEO.London","article_modified_time":"2022-12-28T19:10:38+00:00","twitter_card":"summary_large_image","schema":{"@context":"https:\/\/schema.org","@graph":[{"@type":"WebPage","@id":"https:\/\/seo.london\/ro\/local-seo-services-guides\/","url":"https:\/\/seo.london\/local-seo-services-guides\/","name":"Sprievodcovia lok\u00e1lnymi slu\u017ebami SEO - SEO.London","isPartOf":{"@id":"https:\/\/seo.london\/fi\/#website"},"datePublished":"2022-05-21T16:57:01+00:00","dateModified":"2022-12-28T19:10:38+00:00","description":"V\u0161etko, \u010do chcete vedie\u0165 o lok\u00e1lnom SEO. Najmite si Lukasza Zelezneho, #1 SEO konzultanta v Lond\u00fdne. Pre\u010d\u00edtajte si viac.","breadcrumb":{"@id":"https:\/\/seo.london\/local-seo-services-guides\/#breadcrumb"},"inLanguage":"sk-SK","potentialAction":[{"@type":"ReadAction","target":["https:\/\/seo.london\/local-seo-services-guides\/"]}]},{"@type":"BreadcrumbList","@id":"https:\/\/seo.london\/local-seo-services-guides\/#breadcrumb","itemListElement":[{"@type":"ListItem","position":1,"name":"Home","item":"https:\/\/seo.london\/fr\/"},{"@type":"ListItem","position":2,"name":"Local SEO Services Guides"}]},{"@type":"WebSite","@id":"https:\/\/seo.london\/fi\/#website","url":"https:\/\/seo.london\/fi\/","name":"SEO.London","description":"SEO konzultant a odborn\u00e1 spolo\u010dnos\u0165 v Lond\u00fdne, Ve\u013ek\u00e1 Brit\u00e1nia - Lukasz Zelezny","potentialAction":[{"@type":"SearchAction","target":{"@type":"EntryPoint","urlTemplate":"https:\/\/seo.london\/fi\/?s={search_term_string}"},"query-input":{"@type":"PropertyValueSpecification","valueRequired":true,"valueName":"search_term_string"}}],"inLanguage":"sk-SK"}]}},"_links":{"self":[{"href":"https:\/\/seo.london\/sk\/wp-json\/wp\/v2\/pages\/18433","targetHints":{"allow":["GET"]}}],"collection":[{"href":"https:\/\/seo.london\/sk\/wp-json\/wp\/v2\/pages"}],"about":[{"href":"https:\/\/seo.london\/sk\/wp-json\/wp\/v2\/types\/page"}],"author":[{"embeddable":true,"href":"https:\/\/seo.london\/sk\/wp-json\/wp\/v2\/users\/6"}],"replies":[{"embeddable":true,"href":"https:\/\/seo.london\/sk\/wp-json\/wp\/v2\/comments?post=18433"}],"version-history":[{"count":0,"href":"https:\/\/seo.london\/sk\/wp-json\/wp\/v2\/pages\/18433\/revisions"}],"wp:attachment":[{"href":"https:\/\/seo.london\/sk\/wp-json\/wp\/v2\/media?parent=18433"}],"curies":[{"name":"wp","href":"https:\/\/api.w.org\/{rel}","templated":true}]}}