{"id":180,"date":"2021-01-12T11:18:03","date_gmt":"2021-01-12T11:18:03","guid":{"rendered":"https:\/\/seo.london\/?page_id=180"},"modified":"2023-01-07T13:43:55","modified_gmt":"2023-01-07T13:43:55","slug":"audit-seo","status":"publish","type":"page","link":"https:\/\/seo.london\/sk\/audit-seo\/","title":{"rendered":"Audit"},"content":{"rendered":"","protected":false},"excerpt":{"rendered":"","protected":false},"author":3,"featured_media":0,"parent":0,"menu_order":0,"comment_status":"closed","ping_status":"closed","template":"pagebuilder.php","meta":{"footnotes":""},"class_list":["post-180","page","type-page","status-publish","hentry"],"acf":[],"yoast_head":"<!-- This site is optimized with the Yoast SEO Premium plugin v20.9 (Yoast SEO v26.4) - https:\/\/yoast.com\/wordpress\/plugins\/seo\/ -->\n<title>SEO Audit London. Comprehensive Technical and Mobile Audits<\/title>\n<meta name=\"description\" content=\"Comprehensive Technical SEO Audit from Lukasz Zelezny, a London living SEO Evangelist and conference speaker. Contact today, improve performance.\" \/>\n<meta name=\"robots\" content=\"index, follow, max-snippet:-1, max-image-preview:large, max-video-preview:-1\" \/>\n<link rel=\"canonical\" href=\"https:\/\/seo.london\/sk\/audit-seo\/\" \/>\n<meta property=\"og:locale\" content=\"sk_SK\" \/>\n<meta property=\"og:type\" content=\"article\" \/>\n<meta property=\"og:title\" content=\"Audit\" \/>\n<meta property=\"og:description\" content=\"Comprehensive Technical SEO Audit from Lukasz Zelezny, a London living SEO Evangelist and conference speaker. Contact today, improve performance.\" \/>\n<meta property=\"og:url\" content=\"https:\/\/seo.london\/sk\/audit-seo\/\" \/>\n<meta property=\"og:site_name\" content=\"SEO.London\" \/>\n<meta property=\"article:modified_time\" content=\"2023-01-07T13:43:55+00:00\" \/>\n<meta name=\"twitter:card\" content=\"summary_large_image\" \/>\n<!-- \/ Yoast SEO Premium plugin. -->","yoast_head_json":{"title":"SEO audit Lond\u00fdn. Komplexn\u00e9 technick\u00e9 a mobiln\u00e9 audity","description":"Komplexn\u00fd technick\u00fd SEO audit od Luk\u00e1\u0161a \u017delezn\u00e9ho, lond\u00fdnskeho SEO evanjelistu a re\u010dn\u00edka na konferenci\u00e1ch. Kontaktujte ho e\u0161te dnes, zlep\u0161ite v\u00fdkon.","robots":{"index":"index","follow":"follow","max-snippet":"max-snippet:-1","max-image-preview":"max-image-preview:large","max-video-preview":"max-video-preview:-1"},"canonical":"https:\/\/seo.london\/sk\/audit-seo\/","og_locale":"sk_SK","og_type":"article","og_title":"Audit","og_description":"Comprehensive Technical SEO Audit from Lukasz Zelezny, a London living SEO Evangelist and conference speaker. Contact today, improve performance.","og_url":"https:\/\/seo.london\/sk\/audit-seo\/","og_site_name":"SEO.London","article_modified_time":"2023-01-07T13:43:55+00:00","twitter_card":"summary_large_image","schema":{"@context":"https:\/\/schema.org","@graph":[{"@type":"WebPage","@id":"https:\/\/seo.london\/zh\/%e6%90%9c%e7%b4%a2%e5%bc%95%e6%93%8e%e5%ae%a1%e8%ae%a1\/","url":"https:\/\/seo.london\/seo-audit\/","name":"SEO audit Lond\u00fdn. Komplexn\u00e9 technick\u00e9 a mobiln\u00e9 audity","isPartOf":{"@id":"https:\/\/seo.london\/fi\/#website"},"datePublished":"2021-01-12T11:18:03+00:00","dateModified":"2023-01-07T13:43:55+00:00","description":"Komplexn\u00fd technick\u00fd SEO audit od Luk\u00e1\u0161a \u017delezn\u00e9ho, lond\u00fdnskeho SEO evanjelistu a re\u010dn\u00edka na konferenci\u00e1ch. Kontaktujte ho e\u0161te dnes, zlep\u0161ite v\u00fdkon.","breadcrumb":{"@id":"https:\/\/seo.london\/seo-audit\/#breadcrumb"},"inLanguage":"sk-SK","potentialAction":[{"@type":"ReadAction","target":["https:\/\/seo.london\/seo-audit\/"]}]},{"@type":"BreadcrumbList","@id":"https:\/\/seo.london\/seo-audit\/#breadcrumb","itemListElement":[{"@type":"ListItem","position":1,"name":"Home","item":"https:\/\/seo.london\/fr\/"},{"@type":"ListItem","position":2,"name":"Audit"}]},{"@type":"WebSite","@id":"https:\/\/seo.london\/fi\/#website","url":"https:\/\/seo.london\/fi\/","name":"SEO.London","description":"SEO konzultant a odborn\u00e1 spolo\u010dnos\u0165 v Lond\u00fdne, Ve\u013ek\u00e1 Brit\u00e1nia - Lukasz Zelezny","potentialAction":[{"@type":"SearchAction","target":{"@type":"EntryPoint","urlTemplate":"https:\/\/seo.london\/fi\/?s={search_term_string}"},"query-input":{"@type":"PropertyValueSpecification","valueRequired":true,"valueName":"search_term_string"}}],"inLanguage":"sk-SK"}]}},"_links":{"self":[{"href":"https:\/\/seo.london\/sk\/wp-json\/wp\/v2\/pages\/180","targetHints":{"allow":["GET"]}}],"collection":[{"href":"https:\/\/seo.london\/sk\/wp-json\/wp\/v2\/pages"}],"about":[{"href":"https:\/\/seo.london\/sk\/wp-json\/wp\/v2\/types\/page"}],"author":[{"embeddable":true,"href":"https:\/\/seo.london\/sk\/wp-json\/wp\/v2\/users\/3"}],"replies":[{"embeddable":true,"href":"https:\/\/seo.london\/sk\/wp-json\/wp\/v2\/comments?post=180"}],"version-history":[{"count":0,"href":"https:\/\/seo.london\/sk\/wp-json\/wp\/v2\/pages\/180\/revisions"}],"wp:attachment":[{"href":"https:\/\/seo.london\/sk\/wp-json\/wp\/v2\/media?parent=180"}],"curies":[{"name":"wp","href":"https:\/\/api.w.org\/{rel}","templated":true}]}}