{"id":176,"date":"2021-01-12T11:12:20","date_gmt":"2021-01-12T11:12:20","guid":{"rendered":"https:\/\/seo.london\/?page_id=176"},"modified":"2025-02-04T19:07:18","modified_gmt":"2025-02-04T19:07:18","slug":"seo-konzultant-v-londyne","status":"publish","type":"page","link":"https:\/\/seo.london\/sk\/seo-konzultant-v-londyne\/","title":{"rendered":"SEO konzultant v Lond\u00fdne"},"content":{"rendered":"","protected":false},"excerpt":{"rendered":"","protected":false},"author":3,"featured_media":25535,"parent":0,"menu_order":0,"comment_status":"closed","ping_status":"closed","template":"pagebuilder.php","meta":{"footnotes":""},"class_list":["post-176","page","type-page","status-publish","has-post-thumbnail","hentry"],"acf":[],"yoast_head":"<!-- This site is optimized with the Yoast SEO Premium plugin v20.9 (Yoast SEO v26.4) - https:\/\/yoast.com\/wordpress\/plugins\/seo\/ -->\n<title>SEO Consultant London, a Lukasz Zelezny Service - SEO.London<\/title>\n<meta name=\"description\" content=\"I\u2019m Lukasz Zelezny, the top SEO consultant in London. I have almost 20 years of experience in SEO including work with some of the largest UK brands.\" \/>\n<meta name=\"robots\" content=\"index, follow, max-snippet:-1, max-image-preview:large, max-video-preview:-1\" \/>\n<link rel=\"canonical\" href=\"https:\/\/seo.london\/sk\/seo-konzultant-v-londyne\/\" \/>\n<meta property=\"og:locale\" content=\"sk_SK\" \/>\n<meta property=\"og:type\" content=\"article\" \/>\n<meta property=\"og:title\" content=\"SEO Consultant London\" \/>\n<meta property=\"og:description\" content=\"I\u2019m Lukasz Zelezny, the top SEO consultant in London. I have almost 20 years of experience in SEO including work with some of the largest UK brands.\" \/>\n<meta property=\"og:url\" content=\"https:\/\/seo.london\/sk\/seo-konzultant-v-londyne\/\" \/>\n<meta property=\"og:site_name\" content=\"SEO.London\" \/>\n<meta property=\"article:modified_time\" content=\"2025-02-04T19:07:18+00:00\" \/>\n<meta property=\"og:image\" content=\"https:\/\/seo.london\/wp-content\/uploads\/2022\/11\/seo-consultant.png\" \/>\n\t<meta property=\"og:image:width\" content=\"800\" \/>\n\t<meta property=\"og:image:height\" content=\"448\" \/>\n\t<meta property=\"og:image:type\" content=\"image\/png\" \/>\n<meta name=\"twitter:card\" content=\"summary_large_image\" \/>\n<meta name=\"twitter:label1\" content=\"Predpokladan\u00fd \u010das \u010d\u00edtania\" \/>\n\t<meta name=\"twitter:data1\" content=\"1 min\u00fata\" \/>\n<!-- \/ Yoast SEO Premium plugin. -->","yoast_head_json":{"title":"SEO konzultant v Lond\u00fdne, slu\u017eba Luk\u00e1\u0161a \u017delezn\u00e9ho - SEO.London","description":"Som Lukasz Zelezny, \u0161pi\u010dkov\u00fd SEO konzultant v Lond\u00fdne. M\u00e1m takmer 20 rokov sk\u00fasenost\u00ed v oblasti SEO vr\u00e1tane pr\u00e1ce s niektor\u00fdmi z najv\u00e4\u010d\u0161\u00edch britsk\u00fdch zna\u010diek.","robots":{"index":"index","follow":"follow","max-snippet":"max-snippet:-1","max-image-preview":"max-image-preview:large","max-video-preview":"max-video-preview:-1"},"canonical":"https:\/\/seo.london\/sk\/seo-konzultant-v-londyne\/","og_locale":"sk_SK","og_type":"article","og_title":"SEO Consultant London","og_description":"I\u2019m Lukasz Zelezny, the top SEO consultant in London. I have almost 20 years of experience in SEO including work with some of the largest UK brands.","og_url":"https:\/\/seo.london\/sk\/seo-konzultant-v-londyne\/","og_site_name":"SEO.London","article_modified_time":"2025-02-04T19:07:18+00:00","og_image":[{"width":800,"height":448,"url":"https:\/\/seo.london\/wp-content\/uploads\/2022\/11\/seo-consultant.png","type":"image\/png"}],"twitter_card":"summary_large_image","twitter_misc":{"Predpokladan\u00fd \u010das \u010d\u00edtania":"1 min\u00fata"},"schema":{"@context":"https:\/\/schema.org","@graph":[{"@type":"WebPage","@id":"https:\/\/seo.london\/seo-consultant-london\/","url":"https:\/\/seo.london\/seo-consultant-london\/","name":"SEO konzultant v Lond\u00fdne, slu\u017eba Luk\u00e1\u0161a \u017delezn\u00e9ho - SEO.London","isPartOf":{"@id":"https:\/\/seo.london\/fi\/#website"},"primaryImageOfPage":{"@id":"https:\/\/seo.london\/seo-consultant-london\/#primaryimage"},"image":{"@id":"https:\/\/seo.london\/seo-consultant-london\/#primaryimage"},"thumbnailUrl":"https:\/\/seo.london\/wp-content\/uploads\/2022\/11\/seo-consultant.png","datePublished":"2021-01-12T11:12:20+00:00","dateModified":"2025-02-04T19:07:18+00:00","description":"Som Lukasz Zelezny, \u0161pi\u010dkov\u00fd SEO konzultant v Lond\u00fdne. M\u00e1m takmer 20 rokov sk\u00fasenost\u00ed v oblasti SEO vr\u00e1tane pr\u00e1ce s niektor\u00fdmi z najv\u00e4\u010d\u0161\u00edch britsk\u00fdch zna\u010diek.","breadcrumb":{"@id":"https:\/\/seo.london\/seo-consultant-london\/#breadcrumb"},"inLanguage":"sk-SK","potentialAction":[{"@type":"ReadAction","target":["https:\/\/seo.london\/seo-consultant-london\/"]}]},{"@type":"ImageObject","inLanguage":"sk-SK","@id":"https:\/\/seo.london\/seo-consultant-london\/#primaryimage","url":"https:\/\/seo.london\/wp-content\/uploads\/2022\/11\/seo-consultant.png","contentUrl":"https:\/\/seo.london\/wp-content\/uploads\/2022\/11\/seo-consultant.png","width":800,"height":448,"caption":"seo consultant"},{"@type":"BreadcrumbList","@id":"https:\/\/seo.london\/seo-consultant-london\/#breadcrumb","itemListElement":[{"@type":"ListItem","position":1,"name":"Home","item":"https:\/\/seo.london\/fr\/"},{"@type":"ListItem","position":2,"name":"SEO Consultant London"}]},{"@type":"WebSite","@id":"https:\/\/seo.london\/fi\/#website","url":"https:\/\/seo.london\/fi\/","name":"SEO.London","description":"SEO konzultant a odborn\u00e1 spolo\u010dnos\u0165 v Lond\u00fdne, Ve\u013ek\u00e1 Brit\u00e1nia - Lukasz Zelezny","potentialAction":[{"@type":"SearchAction","target":{"@type":"EntryPoint","urlTemplate":"https:\/\/seo.london\/fi\/?s={search_term_string}"},"query-input":{"@type":"PropertyValueSpecification","valueRequired":true,"valueName":"search_term_string"}}],"inLanguage":"sk-SK"}]}},"_links":{"self":[{"href":"https:\/\/seo.london\/sk\/wp-json\/wp\/v2\/pages\/176","targetHints":{"allow":["GET"]}}],"collection":[{"href":"https:\/\/seo.london\/sk\/wp-json\/wp\/v2\/pages"}],"about":[{"href":"https:\/\/seo.london\/sk\/wp-json\/wp\/v2\/types\/page"}],"author":[{"embeddable":true,"href":"https:\/\/seo.london\/sk\/wp-json\/wp\/v2\/users\/3"}],"replies":[{"embeddable":true,"href":"https:\/\/seo.london\/sk\/wp-json\/wp\/v2\/comments?post=176"}],"version-history":[{"count":0,"href":"https:\/\/seo.london\/sk\/wp-json\/wp\/v2\/pages\/176\/revisions"}],"wp:featuredmedia":[{"embeddable":true,"href":"https:\/\/seo.london\/sk\/wp-json\/wp\/v2\/media\/25535"}],"wp:attachment":[{"href":"https:\/\/seo.london\/sk\/wp-json\/wp\/v2\/media?parent=176"}],"curies":[{"name":"wp","href":"https:\/\/api.w.org\/{rel}","templated":true}]}}