{"id":23636,"date":"2022-09-25T11:05:30","date_gmt":"2022-09-25T11:05:30","guid":{"rendered":"https:\/\/seo.london\/?page_id=23636"},"modified":"2022-12-28T19:09:17","modified_gmt":"2022-12-28T19:09:17","slug":"blogai-seo","status":"publish","type":"page","link":"https:\/\/seo.london\/lt\/blogai-seo\/","title":{"rendered":"Blogas SEO"},"content":{"rendered":"","protected":false},"excerpt":{"rendered":"","protected":false},"author":6,"featured_media":23637,"parent":0,"menu_order":0,"comment_status":"closed","ping_status":"closed","template":"pagebuilder.php","meta":{"footnotes":""},"class_list":["post-23636","page","type-page","status-publish","has-post-thumbnail","hentry"],"acf":[],"yoast_head":"<!-- This site is optimized with the Yoast SEO Premium plugin v20.9 (Yoast SEO v26.4) - https:\/\/yoast.com\/wordpress\/plugins\/seo\/ -->\n<title>Bad for SEO - SEO.London<\/title>\n<meta name=\"description\" content=\"Are 404 errors bad for SEO? Is DIVI bad for SEO? Are landing pages bad for SEO? Find answers to these and other questions here.\" \/>\n<meta name=\"robots\" content=\"index, follow, max-snippet:-1, max-image-preview:large, max-video-preview:-1\" \/>\n<link rel=\"canonical\" href=\"https:\/\/seo.london\/lt\/blogai-seo\/\" \/>\n<meta property=\"og:locale\" content=\"lt_LT\" \/>\n<meta property=\"og:type\" content=\"article\" \/>\n<meta property=\"og:title\" content=\"Bad for SEO\" \/>\n<meta property=\"og:description\" content=\"Are 404 errors bad for SEO? Is DIVI bad for SEO? Are landing pages bad for SEO? Find answers to these and other questions here.\" \/>\n<meta property=\"og:url\" content=\"https:\/\/seo.london\/lt\/blogai-seo\/\" \/>\n<meta property=\"og:site_name\" content=\"SEO.London\" \/>\n<meta property=\"article:modified_time\" content=\"2022-12-28T19:09:17+00:00\" \/>\n<meta property=\"og:image\" content=\"https:\/\/seo.london\/wp-content\/uploads\/2022\/09\/bad-for-seo.png\" \/>\n\t<meta property=\"og:image:width\" content=\"800\" \/>\n\t<meta property=\"og:image:height\" content=\"447\" \/>\n\t<meta property=\"og:image:type\" content=\"image\/png\" \/>\n<meta name=\"twitter:card\" content=\"summary_large_image\" \/>\n<!-- \/ Yoast SEO Premium plugin. -->","yoast_head_json":{"title":"Blogas SEO - SEO.London","description":"Ar 404 klaidos kenkia SEO? Ar DIVI blogai veikia SEO? Ar nukreipiamieji puslapiai blogai veikia SEO? Atsakymus \u012f \u0161iuos ir kitus klausimus rasite \u010dia.","robots":{"index":"index","follow":"follow","max-snippet":"max-snippet:-1","max-image-preview":"max-image-preview:large","max-video-preview":"max-video-preview:-1"},"canonical":"https:\/\/seo.london\/lt\/blogai-seo\/","og_locale":"lt_LT","og_type":"article","og_title":"Bad for SEO","og_description":"Are 404 errors bad for SEO? Is DIVI bad for SEO? Are landing pages bad for SEO? Find answers to these and other questions here.","og_url":"https:\/\/seo.london\/lt\/blogai-seo\/","og_site_name":"SEO.London","article_modified_time":"2022-12-28T19:09:17+00:00","og_image":[{"width":800,"height":447,"url":"https:\/\/seo.london\/wp-content\/uploads\/2022\/09\/bad-for-seo.png","type":"image\/png"}],"twitter_card":"summary_large_image","schema":{"@context":"https:\/\/schema.org","@graph":[{"@type":"WebPage","@id":"https:\/\/seo.london\/id\/buruk-untuk-seo\/","url":"https:\/\/seo.london\/bad-for-seo\/","name":"Blogas SEO - SEO.London","isPartOf":{"@id":"https:\/\/seo.london\/fi\/#website"},"primaryImageOfPage":{"@id":"https:\/\/seo.london\/bad-for-seo\/#primaryimage"},"image":{"@id":"https:\/\/seo.london\/bad-for-seo\/#primaryimage"},"thumbnailUrl":"https:\/\/seo.london\/wp-content\/uploads\/2022\/09\/bad-for-seo.png","datePublished":"2022-09-25T11:05:30+00:00","dateModified":"2022-12-28T19:09:17+00:00","description":"Ar 404 klaidos kenkia SEO? Ar DIVI blogai veikia SEO? Ar nukreipiamieji puslapiai blogai veikia SEO? Atsakymus \u012f \u0161iuos ir kitus klausimus rasite \u010dia.","breadcrumb":{"@id":"https:\/\/seo.london\/bad-for-seo\/#breadcrumb"},"inLanguage":"lt-LT","potentialAction":[{"@type":"ReadAction","target":["https:\/\/seo.london\/bad-for-seo\/"]}]},{"@type":"ImageObject","inLanguage":"lt-LT","@id":"https:\/\/seo.london\/bad-for-seo\/#primaryimage","url":"https:\/\/seo.london\/wp-content\/uploads\/2022\/09\/bad-for-seo.png","contentUrl":"https:\/\/seo.london\/wp-content\/uploads\/2022\/09\/bad-for-seo.png","width":800,"height":447,"caption":"bad for seo"},{"@type":"BreadcrumbList","@id":"https:\/\/seo.london\/bad-for-seo\/#breadcrumb","itemListElement":[{"@type":"ListItem","position":1,"name":"Home","item":"https:\/\/seo.london\/fr\/"},{"@type":"ListItem","position":2,"name":"Bad for SEO"}]},{"@type":"WebSite","@id":"https:\/\/seo.london\/fi\/#website","url":"https:\/\/seo.london\/fi\/","name":"SEO.London","description":"SEO konsultant\u0173 ir ekspert\u0173 \u012fmon\u0117 Londone, Jungtin\u0117je Karalyst\u0117je - Lukasz Zelezny","potentialAction":[{"@type":"SearchAction","target":{"@type":"EntryPoint","urlTemplate":"https:\/\/seo.london\/fi\/?s={search_term_string}"},"query-input":{"@type":"PropertyValueSpecification","valueRequired":true,"valueName":"search_term_string"}}],"inLanguage":"lt-LT"}]}},"_links":{"self":[{"href":"https:\/\/seo.london\/lt\/wp-json\/wp\/v2\/pages\/23636","targetHints":{"allow":["GET"]}}],"collection":[{"href":"https:\/\/seo.london\/lt\/wp-json\/wp\/v2\/pages"}],"about":[{"href":"https:\/\/seo.london\/lt\/wp-json\/wp\/v2\/types\/page"}],"author":[{"embeddable":true,"href":"https:\/\/seo.london\/lt\/wp-json\/wp\/v2\/users\/6"}],"replies":[{"embeddable":true,"href":"https:\/\/seo.london\/lt\/wp-json\/wp\/v2\/comments?post=23636"}],"version-history":[{"count":0,"href":"https:\/\/seo.london\/lt\/wp-json\/wp\/v2\/pages\/23636\/revisions"}],"wp:featuredmedia":[{"embeddable":true,"href":"https:\/\/seo.london\/lt\/wp-json\/wp\/v2\/media\/23637"}],"wp:attachment":[{"href":"https:\/\/seo.london\/lt\/wp-json\/wp\/v2\/media?parent=23636"}],"curies":[{"name":"wp","href":"https:\/\/api.w.org\/{rel}","templated":true}]}}