{"id":19093,"date":"2022-06-25T13:42:51","date_gmt":"2022-06-25T13:42:51","guid":{"rendered":"https:\/\/seo.london\/?page_id=19093"},"modified":"2022-12-28T19:09:47","modified_gmt":"2022-12-28T19:09:47","slug":"seo-iparagak","status":"publish","type":"page","link":"https:\/\/seo.london\/hu\/seo-iparagak\/","title":{"rendered":"Mely ipar\u00e1gaknak van a legnagyobb sz\u00fcks\u00e9g\u00fck seo-ra?"},"content":{"rendered":"","protected":false},"excerpt":{"rendered":"","protected":false},"author":6,"featured_media":0,"parent":0,"menu_order":0,"comment_status":"closed","ping_status":"closed","template":"pagebuilder.php","meta":{"footnotes":""},"class_list":["post-19093","page","type-page","status-publish","hentry"],"acf":[],"yoast_head":"<!-- This site is optimized with the Yoast SEO Premium plugin v20.9 (Yoast SEO v26.4) - https:\/\/yoast.com\/wordpress\/plugins\/seo\/ -->\n<title>What industries need seo the most? - SEO.London<\/title>\n<meta name=\"description\" content=\"All you want to know about e-Commerce SEO. Hire Lukasz Zelezny, a #1 SEO Consultant in London. Read more\" \/>\n<meta name=\"robots\" content=\"index, follow, max-snippet:-1, max-image-preview:large, max-video-preview:-1\" \/>\n<link rel=\"canonical\" href=\"https:\/\/seo.london\/hu\/seo-iparagak\/\" \/>\n<meta property=\"og:locale\" content=\"hu_HU\" \/>\n<meta property=\"og:type\" content=\"article\" \/>\n<meta property=\"og:title\" content=\"What industries need seo the most?\" \/>\n<meta property=\"og:description\" content=\"All you want to know about e-Commerce SEO. Hire Lukasz Zelezny, a #1 SEO Consultant in London. Read more\" \/>\n<meta property=\"og:url\" content=\"https:\/\/seo.london\/hu\/seo-iparagak\/\" \/>\n<meta property=\"og:site_name\" content=\"SEO.London\" \/>\n<meta property=\"article:modified_time\" content=\"2022-12-28T19:09:47+00:00\" \/>\n<meta name=\"twitter:card\" content=\"summary_large_image\" \/>\n<!-- \/ Yoast SEO Premium plugin. -->","yoast_head_json":{"title":"Mely ipar\u00e1gaknak van a legnagyobb sz\u00fcks\u00e9g\u00fck seo-ra? - SEO.London","description":"Minden, amit az e-kereskedelmi SEO-r\u00f3l tudni szeretne. Vegye fel Lukasz Zelezny-t, az #1 SEO tan\u00e1csad\u00f3j\u00e1t Londonban. B\u0151vebben","robots":{"index":"index","follow":"follow","max-snippet":"max-snippet:-1","max-image-preview":"max-image-preview:large","max-video-preview":"max-video-preview:-1"},"canonical":"https:\/\/seo.london\/hu\/seo-iparagak\/","og_locale":"hu_HU","og_type":"article","og_title":"What industries need seo the most?","og_description":"All you want to know about e-Commerce SEO. Hire Lukasz Zelezny, a #1 SEO Consultant in London. Read more","og_url":"https:\/\/seo.london\/hu\/seo-iparagak\/","og_site_name":"SEO.London","article_modified_time":"2022-12-28T19:09:47+00:00","twitter_card":"summary_large_image","schema":{"@context":"https:\/\/schema.org","@graph":[{"@type":"WebPage","@id":"https:\/\/seo.london\/seo-industries\/","url":"https:\/\/seo.london\/seo-industries\/","name":"Mely ipar\u00e1gaknak van a legnagyobb sz\u00fcks\u00e9g\u00fck seo-ra? - SEO.London","isPartOf":{"@id":"https:\/\/seo.london\/fi\/#website"},"datePublished":"2022-06-25T13:42:51+00:00","dateModified":"2022-12-28T19:09:47+00:00","description":"Minden, amit az e-kereskedelmi SEO-r\u00f3l tudni szeretne. Vegye fel Lukasz Zelezny-t, az #1 SEO tan\u00e1csad\u00f3j\u00e1t Londonban. B\u0151vebben","breadcrumb":{"@id":"https:\/\/seo.london\/seo-industries\/#breadcrumb"},"inLanguage":"hu","potentialAction":[{"@type":"ReadAction","target":["https:\/\/seo.london\/seo-industries\/"]}]},{"@type":"BreadcrumbList","@id":"https:\/\/seo.london\/seo-industries\/#breadcrumb","itemListElement":[{"@type":"ListItem","position":1,"name":"Home","item":"https:\/\/seo.london\/fr\/"},{"@type":"ListItem","position":2,"name":"What industries need seo the most?"}]},{"@type":"WebSite","@id":"https:\/\/seo.london\/fi\/#website","url":"https:\/\/seo.london\/fi\/","name":"SEO.London","description":"SEO tan\u00e1csad\u00f3 \u00e9s szak\u00e9rt\u0151 c\u00e9g Londonban, Egyes\u00fclt Kir\u00e1lys\u00e1gban - Lukasz Zelezny","potentialAction":[{"@type":"SearchAction","target":{"@type":"EntryPoint","urlTemplate":"https:\/\/seo.london\/fi\/?s={search_term_string}"},"query-input":{"@type":"PropertyValueSpecification","valueRequired":true,"valueName":"search_term_string"}}],"inLanguage":"hu"}]}},"_links":{"self":[{"href":"https:\/\/seo.london\/hu\/wp-json\/wp\/v2\/pages\/19093","targetHints":{"allow":["GET"]}}],"collection":[{"href":"https:\/\/seo.london\/hu\/wp-json\/wp\/v2\/pages"}],"about":[{"href":"https:\/\/seo.london\/hu\/wp-json\/wp\/v2\/types\/page"}],"author":[{"embeddable":true,"href":"https:\/\/seo.london\/hu\/wp-json\/wp\/v2\/users\/6"}],"replies":[{"embeddable":true,"href":"https:\/\/seo.london\/hu\/wp-json\/wp\/v2\/comments?post=19093"}],"version-history":[{"count":0,"href":"https:\/\/seo.london\/hu\/wp-json\/wp\/v2\/pages\/19093\/revisions"}],"wp:attachment":[{"href":"https:\/\/seo.london\/hu\/wp-json\/wp\/v2\/media?parent=19093"}],"curies":[{"name":"wp","href":"https:\/\/api.w.org\/{rel}","templated":true}]}}