{"id":185,"date":"2021-01-12T11:23:26","date_gmt":"2021-01-12T11:23:26","guid":{"rendered":"https:\/\/seo.london\/?page_id=185"},"modified":"2021-05-20T22:24:13","modified_gmt":"2021-05-20T22:24:13","slug":"cours-de-formation-en-referencement","status":"publish","type":"page","link":"https:\/\/seo.london\/fr\/cours-de-formation-en-referencement\/","title":{"rendered":"Atelier"},"content":{"rendered":"","protected":false},"excerpt":{"rendered":"","protected":false},"author":3,"featured_media":0,"parent":0,"menu_order":0,"comment_status":"closed","ping_status":"closed","template":"pagebuilder.php","meta":{"footnotes":""},"class_list":["post-185","page","type-page","status-publish","hentry"],"acf":[],"yoast_head":"<!-- This site is optimized with the Yoast SEO Premium plugin v20.9 (Yoast SEO v26.4) - https:\/\/yoast.com\/wordpress\/plugins\/seo\/ -->\n<title>SEO Training in London - Top and Best Courses from Lukasz Zelezny<\/title>\n<meta name=\"description\" content=\"SEO Trainings and Courses from Lukasz Zelezny, a London living SEO Evangelist and conference speaker. Contact today and improve your performance.\" \/>\n<meta name=\"robots\" content=\"index, follow, max-snippet:-1, max-image-preview:large, max-video-preview:-1\" \/>\n<link rel=\"canonical\" href=\"https:\/\/seo.london\/fr\/cours-de-formation-en-referencement\/\" \/>\n<meta property=\"og:locale\" content=\"fr_FR\" \/>\n<meta property=\"og:type\" content=\"article\" \/>\n<meta property=\"og:title\" content=\"Workshop\" \/>\n<meta property=\"og:description\" content=\"SEO Trainings and Courses from Lukasz Zelezny, a London living SEO Evangelist and conference speaker. Contact today and improve your performance.\" \/>\n<meta property=\"og:url\" content=\"https:\/\/seo.london\/fr\/cours-de-formation-en-referencement\/\" \/>\n<meta property=\"og:site_name\" content=\"SEO.London\" \/>\n<meta property=\"article:modified_time\" content=\"2021-05-20T22:24:13+00:00\" \/>\n<meta name=\"twitter:card\" content=\"summary_large_image\" \/>\n<!-- \/ Yoast SEO Premium plugin. -->","yoast_head_json":{"title":"Formation en r\u00e9f\u00e9rencement \u00e0 Londres - Les meilleurs cours de Lukasz Zelezny","description":"Formations et cours de r\u00e9f\u00e9rencement de Lukasz Zelezny, \u00e9vang\u00e9liste SEO et conf\u00e9rencier vivant \u00e0 Londres. Contactez-le d\u00e8s aujourd'hui et am\u00e9liorez vos performances.","robots":{"index":"index","follow":"follow","max-snippet":"max-snippet:-1","max-image-preview":"max-image-preview:large","max-video-preview":"max-video-preview:-1"},"canonical":"https:\/\/seo.london\/fr\/cours-de-formation-en-referencement\/","og_locale":"fr_FR","og_type":"article","og_title":"Workshop","og_description":"SEO Trainings and Courses from Lukasz Zelezny, a London living SEO Evangelist and conference speaker. Contact today and improve your performance.","og_url":"https:\/\/seo.london\/fr\/cours-de-formation-en-referencement\/","og_site_name":"SEO.London","article_modified_time":"2021-05-20T22:24:13+00:00","twitter_card":"summary_large_image","schema":{"@context":"https:\/\/schema.org","@graph":[{"@type":"WebPage","@id":"https:\/\/seo.london\/seo-training-courses\/","url":"https:\/\/seo.london\/seo-training-courses\/","name":"Formation en r\u00e9f\u00e9rencement \u00e0 Londres - Les meilleurs cours de Lukasz Zelezny","isPartOf":{"@id":"https:\/\/seo.london\/fi\/#website"},"datePublished":"2021-01-12T11:23:26+00:00","dateModified":"2021-05-20T22:24:13+00:00","description":"Formations et cours de r\u00e9f\u00e9rencement de Lukasz Zelezny, \u00e9vang\u00e9liste SEO et conf\u00e9rencier vivant \u00e0 Londres. Contactez-le d\u00e8s aujourd'hui et am\u00e9liorez vos performances.","breadcrumb":{"@id":"https:\/\/seo.london\/seo-training-courses\/#breadcrumb"},"inLanguage":"fr-FR","potentialAction":[{"@type":"ReadAction","target":["https:\/\/seo.london\/seo-training-courses\/"]}]},{"@type":"BreadcrumbList","@id":"https:\/\/seo.london\/seo-training-courses\/#breadcrumb","itemListElement":[{"@type":"ListItem","position":1,"name":"Home","item":"https:\/\/seo.london\/fr\/"},{"@type":"ListItem","position":2,"name":"Workshop"}]},{"@type":"WebSite","@id":"https:\/\/seo.london\/fi\/#website","url":"https:\/\/seo.london\/fi\/","name":"SEO.London","description":"Consultant et expert en r\u00e9f\u00e9rencement \u00e0 Londres, Royaume-Uni - Lukasz Zelezny","potentialAction":[{"@type":"SearchAction","target":{"@type":"EntryPoint","urlTemplate":"https:\/\/seo.london\/fi\/?s={search_term_string}"},"query-input":{"@type":"PropertyValueSpecification","valueRequired":true,"valueName":"search_term_string"}}],"inLanguage":"fr-FR"}]}},"_links":{"self":[{"href":"https:\/\/seo.london\/fr\/wp-json\/wp\/v2\/pages\/185","targetHints":{"allow":["GET"]}}],"collection":[{"href":"https:\/\/seo.london\/fr\/wp-json\/wp\/v2\/pages"}],"about":[{"href":"https:\/\/seo.london\/fr\/wp-json\/wp\/v2\/types\/page"}],"author":[{"embeddable":true,"href":"https:\/\/seo.london\/fr\/wp-json\/wp\/v2\/users\/3"}],"replies":[{"embeddable":true,"href":"https:\/\/seo.london\/fr\/wp-json\/wp\/v2\/comments?post=185"}],"version-history":[{"count":0,"href":"https:\/\/seo.london\/fr\/wp-json\/wp\/v2\/pages\/185\/revisions"}],"wp:attachment":[{"href":"https:\/\/seo.london\/fr\/wp-json\/wp\/v2\/media?parent=185"}],"curies":[{"name":"wp","href":"https:\/\/api.w.org\/{rel}","templated":true}]}}