{"id":3,"date":"2021-01-11T16:38:31","date_gmt":"2021-01-11T16:38:31","guid":{"rendered":"https:\/\/seo.london\/?page_id=3"},"modified":"2022-12-28T19:17:07","modified_gmt":"2022-12-28T19:17:07","slug":"tietosuojakaytanto","status":"publish","type":"page","link":"https:\/\/seo.london\/fi\/tietosuojakaytanto\/","title":{"rendered":"Tietosuojak\u00e4yt\u00e4nt\u00f6"},"content":{"rendered":"<h2 class=\"wp-block-heading\"><span class=\"ez-toc-section\" id=\"who-we-are\"><\/span>Keit\u00e4 me olemme<span class=\"ez-toc-section-end\"><\/span><\/h2>\n\n\n\n<p>Verkkosivustomme <a href=\"https:\/\/seo.london\/fi\/paikallinen-seo-ilman-fyysista-osoitetta\/\">osoite<\/a> on: https:\/\/seo.london.<\/p>\n\n\n\n<h2 class=\"wp-block-heading\"><span class=\"ez-toc-section\" id=\"what-personal-data-we-collect-and-why-we-collect-it\"><\/span>Mit\u00e4 henkil\u00f6tietoja ker\u00e4\u00e4mme ja miksi ker\u00e4\u00e4mme niit\u00e4?<span class=\"ez-toc-section-end\"><\/span><\/h2>\n\n\n\n<h3 class=\"wp-block-heading\"><span class=\"ez-toc-section\" id=\"comments\"><\/span>Kommentit<span class=\"ez-toc-section-end\"><\/span><\/h3>\n\n\n\n<p>Kun k\u00e4vij\u00e4t j\u00e4tt\u00e4v\u00e4t kommentteja sivustolle, ker\u00e4\u00e4mme kommenttilomakkeessa n\u00e4kyv\u00e4t tiedot sek\u00e4 k\u00e4vij\u00e4n IP-osoitteen ja selaimen k\u00e4ytt\u00e4j\u00e4agenttijonon roskapostin havaitsemisen helpottamiseksi.<\/p>\n\n\n\n<p>Anonymisoitu merkkijono, joka on luotu <a href=\"https:\/\/seo.london\/fi\/kokonaispalvelut\/\">s\u00e4hk\u00f6postiosoite<\/a> address (also called a hash) may be provided to the Gravatar service to see if you are using it. The Gravatar service <a href=\"https:\/\/seo.london\/fi\/loytaa-paras-hakukone-yksityisyyden-suojaa-varten-opas\/\">yksityisyys<\/a> policy is available here: https:\/\/automattic.com\/privacy\/. After approval of your comment, your profile picture is visible to the public in the context of your comment.<\/p>\n\n\n\n<h3 class=\"wp-block-heading\"><span class=\"ez-toc-section\" id=\"media\"><\/span>Media<span class=\"ez-toc-section-end\"><\/span><\/h3>\n\n\n\n<p>Jos lataat <a href=\"https:\/\/seo.london\/fi\/google-ei-indeksointi-kuvia\/\">kuvat<\/a> verkkosivustolle, sinun tulisi v\u00e4ltt\u00e4\u00e4 sellaisten kuvien lataamista, joihin on sis\u00e4llytetty sijaintitietoja (EXIF GPS). Verkkosivuston k\u00e4vij\u00e4t voivat ladata ja poimia sijaintitietoja verkkosivuston kuvista.<\/p>\n\n\n\n<h3 class=\"wp-block-heading\"><span class=\"ez-toc-section\" id=\"contact-forms\"><\/span>Yhteydenottolomakkeet<span class=\"ez-toc-section-end\"><\/span><\/h3>\n\n\n\n<h3 class=\"wp-block-heading\"><span class=\"ez-toc-section\" id=\"cookies\"><\/span>Ev\u00e4steet<span class=\"ez-toc-section-end\"><\/span><\/h3>\n\n\n\n<p>Jos j\u00e4t\u00e4t kommentin sivustollemme, voit suostua siihen, ett\u00e4 nimesi, s\u00e4hk\u00f6postiosoitteesi ja verkkosivustosi tallennetaan ev\u00e4steisiin. N\u00e4m\u00e4 ovat sinun hyv\u00e4ksesi, jotta voit <a href=\"https:\/\/seo.london\/fi\/linkin-rakentaminen-miten-mita-tehda-donts\/\">tee<\/a> sinun ei tarvitse t\u00e4ytt\u00e4\u00e4 tietojasi uudelleen, kun j\u00e4t\u00e4t uuden kommentin. N\u00e4m\u00e4 ev\u00e4steet kest\u00e4v\u00e4t yhden <a href=\"https:\/\/seo.london\/fi\/saada-google-nayttamaan-julkaisupaivan-hakutuloksissa\/\">vuosi<\/a>.<\/p>\n\n\n\n<p>Jos k\u00e4yt kirjautumissivullamme, asetamme v\u00e4liaikaisen ev\u00e4steen m\u00e4\u00e4ritt\u00e4\u00e4ksemme, hyv\u00e4ksyyk\u00f6 selaimesi ev\u00e4steet. T\u00e4m\u00e4 ev\u00e4ste ei sis\u00e4ll\u00e4 henkil\u00f6tietoja, ja se h\u00e4vitet\u00e4\u00e4n, kun suljet selaimesi.<\/p>\n\n\n\n<p>Kun olet <a href=\"https:\/\/seo.london\/fi\/lokitiedostojen-analysointi-ja-seo\/\">loki<\/a> sis\u00e4\u00e4n, asetamme my\u00f6s useita ev\u00e4steit\u00e4 tallentaaksemme kirjautumistietosi ja n\u00e4yt\u00f6n n\u00e4ytt\u00f6valintasi. Sis\u00e4\u00e4nkirjautumisev\u00e4steet s\u00e4ilyv\u00e4t kaksi p\u00e4iv\u00e4\u00e4, ja n\u00e4ytt\u00f6asetusten ev\u00e4steet s\u00e4ilyv\u00e4t vuoden. Jos valitset \"Muista minut\", kirjautumisesi s\u00e4ilyy kaksi viikkoa. Jos kirjaudut ulos tililt\u00e4si, kirjautumisev\u00e4steet poistetaan.<\/p>\n\n\n\n<p>Jos muokkaat tai julkaiset artikkelin, selaimeesi tallennetaan toinen ev\u00e4ste. T\u00e4m\u00e4 ev\u00e4ste ei sis\u00e4ll\u00e4 henkil\u00f6tietoja, vaan se ilmoittaa vain juuri muokkaamasi artikkelin postitustunnuksen. Se vanhenee 1 p\u00e4iv\u00e4n kuluttua.<\/p>\n\n\n\n<h3 class=\"wp-block-heading\"><span class=\"ez-toc-section\" id=\"embedded-content-from-other-websites\"><\/span>Muiden verkkosivustojen upotettu sis\u00e4lt\u00f6<span class=\"ez-toc-section-end\"><\/span><\/h3>\n\n\n\n<p><a href=\"https:\/\/seo.london\/fi\/miten-kirjoittaa-seo-optimoitu-artikkeleita\/\">Artikkelit<\/a> t\u00e4ll\u00e4 sivustolla voi sis\u00e4lt\u00e4\u00e4 upotettuja <a href=\"https:\/\/seo.london\/fi\/sisallon-markkinointi-seo-palvelut\/\">sis\u00e4lt\u00f6<\/a> (esim. videot, kuvat, artikkelit jne.). Muiden verkkosivustojen upotettu sis\u00e4lt\u00f6 k\u00e4ytt\u00e4ytyy t\u00e4sm\u00e4lleen samalla tavalla kuin jos k\u00e4vij\u00e4 olisi vieraillut toisella verkkosivustolla.<\/p>\n\n\n\n<p>N\u00e4m\u00e4 verkkosivustot voivat ker\u00e4t\u00e4 tietoja sinusta, k\u00e4ytt\u00e4\u00e4 ev\u00e4steit\u00e4, upottaa kolmannen osapuolen lis\u00e4sis\u00e4lt\u00f6j\u00e4 <a href=\"https:\/\/seo.london\/fi\/miten-seurata-avainsanojen-sijoituksia\/\">seuranta<\/a>ja seurata vuorovaikutustasi kyseisen upotetun sis\u00e4ll\u00f6n kanssa, mukaan lukien vuorovaikutuksesi seuraaminen upotetun sis\u00e4ll\u00f6n kanssa, jos sinulla on tili ja olet kirjautunut sis\u00e4\u00e4n kyseiselle verkkosivustolle.<\/p>\n\n\n\n<h3 class=\"wp-block-heading\"><span class=\"ez-toc-section\" id=\"analytics\"><\/span>Analytiikka<span class=\"ez-toc-section-end\"><\/span><\/h3>\n\n\n\n<h2 class=\"wp-block-heading\"><span class=\"ez-toc-section\" id=\"who-we-share-your-data-with\"><\/span>Kenen kanssa jaamme tietojasi<span class=\"ez-toc-section-end\"><\/span><\/h2>\n\n\n\n<p>Jos pyyd\u00e4t salasanan palautusta, IP-osoitteesi sis\u00e4llytet\u00e4\u00e4n palautuss\u00e4hk\u00f6postiin.<\/p>\n\n\n\n<h2 class=\"wp-block-heading\"><span class=\"ez-toc-section\" id=\"how-long-we-retain-your-data\"><\/span>Kuinka kauan s\u00e4ilyt\u00e4mme tietojasi<span class=\"ez-toc-section-end\"><\/span><\/h2>\n\n\n\n<p>Jos j\u00e4t\u00e4t kommentin, kommentti ja sen metatiedot s\u00e4ilytet\u00e4\u00e4n loputtomiin. N\u00e4in voimme tunnistaa ja hyv\u00e4ksy\u00e4 mahdolliset jatkokommentit automaattisesti sen sijaan, ett\u00e4 pit\u00e4isimme niit\u00e4 moderointijonossa.<\/p>\n\n\n\n<p>For users that register on our website (if any), we also store the personal information they provide in their user profile. All users can see, edit, or delete their personal information at any time (except they cannot change their username). Website administrators can also see and edit that information.<\/p>\n\n\n\n<h2 class=\"wp-block-heading\"><span class=\"ez-toc-section\" id=\"what-rights-you-have-over-your-data\"><\/span>Mit\u00e4 oikeuksia sinulla on tietojesi suhteen<span class=\"ez-toc-section-end\"><\/span><\/h2>\n\n\n\n<p>If you have an account on this site, or have left comments, you can request to receive an exported file of the personal data we hold about you, including any data you have provided to us. You can also request that we <a href=\"https:\/\/seo.london\/fi\/poista-url-osoitteet-googlen-indeksista-hakukonsolin-avulla\/\">erase<\/a> any personal data we hold about you. This does not include any data we are obliged to keep for administrative, <a href=\"https:\/\/seo.london\/fi\/lakiasiaintoimisto-seo\/\">oikeudellinen<\/a>tai turvallisuustarkoituksiin.<\/p>\n\n\n\n<h2 class=\"wp-block-heading\"><span class=\"ez-toc-section\" id=\"where-we-send-your-data\"><\/span>Minne l\u00e4het\u00e4mme tietosi<span class=\"ez-toc-section-end\"><\/span><\/h2>\n\n\n\n<p>Vierailijoiden kommentit voidaan tarkistaa automaattisen roskapostin havaitsemispalvelun avulla.<\/p>\n\n\n\n<h2 class=\"wp-block-heading\"><span class=\"ez-toc-section\" id=\"your-contact-information\"><\/span>Yhteystietosi<span class=\"ez-toc-section-end\"><\/span><\/h2>\n\n\n\n<h2 class=\"wp-block-heading\"><span class=\"ez-toc-section\" id=\"additional-information\"><\/span>Lis\u00e4tietoja<span class=\"ez-toc-section-end\"><\/span><\/h2>\n\n\n\n<h3 class=\"wp-block-heading\"><span class=\"ez-toc-section\" id=\"how-we-protect-your-data\"><\/span>Miten suojaamme tietojasi<span class=\"ez-toc-section-end\"><\/span><\/h3>\n\n\n\n<h3 class=\"wp-block-heading\"><span class=\"ez-toc-section\" id=\"what-data-breach-procedures-we-have-in-place\"><\/span>Mit\u00e4 menettelyj\u00e4 meill\u00e4 on k\u00e4yt\u00f6ss\u00e4 tietoturvaloukkausten varalta<span class=\"ez-toc-section-end\"><\/span><\/h3>\n\n\n\n<h3 class=\"wp-block-heading\"><span class=\"ez-toc-section\" id=\"what-third-parties-we-receive-data-from\"><\/span>Milt\u00e4 kolmansilta osapuolilta saamme tietoja<span class=\"ez-toc-section-end\"><\/span><\/h3>\n\n\n\n<h3 class=\"wp-block-heading\"><span class=\"ez-toc-section\" id=\"what-automated-decision-making-andor-profiling-we-do-with-user-data\"><\/span>Mit\u00e4 automatisoitua p\u00e4\u00e4t\u00f6ksentekoa ja\/tai profilointia teemme k\u00e4ytt\u00e4j\u00e4tiedoilla?<span class=\"ez-toc-section-end\"><\/span><\/h3>\n\n\n\n<h3 class=\"wp-block-heading\"><span class=\"ez-toc-section\" id=\"industry-regulatory-disclosure-requirements\"><\/span>Toimialan s\u00e4\u00e4ntelyn tiedonantovaatimukset<span class=\"ez-toc-section-end\"><\/span><\/h3>","protected":false},"excerpt":{"rendered":"<p>Keit\u00e4 me olemme Sivustomme osoite on: https:\/\/seo.london. Mit\u00e4 henkil\u00f6tietoja ker\u00e4\u00e4mme ja miksi ker\u00e4\u00e4mme niit\u00e4 Kommentit Kun k\u00e4vij\u00e4t j\u00e4tt\u00e4v\u00e4t kommentteja sivustolle, ker\u00e4\u00e4mme kommentointilomakkeessa n\u00e4kyv\u00e4t tiedot sek\u00e4 k\u00e4vij\u00e4n IP-osoitteen ja selaimen user agent -merkkijonon roskapostin tunnistamisen helpottamiseksi. Anonymisoitu merkkijono, joka on luotu [...]<\/p>","protected":false},"author":1,"featured_media":0,"parent":0,"menu_order":0,"comment_status":"closed","ping_status":"open","template":"pagebuilder.php","meta":{"footnotes":""},"class_list":["post-3","page","type-page","status-publish","hentry"],"acf":[],"yoast_head":"<!-- This site is optimized with the Yoast SEO Premium plugin v20.9 (Yoast SEO v26.4) - https:\/\/yoast.com\/wordpress\/plugins\/seo\/ -->\n<title>Privacy Policy - SEO.London<\/title>\n<meta name=\"description\" content=\"At SEO.London, we recognize that privacy of your personal information is important. Here is information on what types of personal information we receive and collect\" \/>\n<meta name=\"robots\" content=\"index, follow, max-snippet:-1, max-image-preview:large, max-video-preview:-1\" \/>\n<link rel=\"canonical\" href=\"https:\/\/seo.london\/fi\/tietosuojakaytanto\/\" \/>\n<meta property=\"og:locale\" content=\"fi_FI\" \/>\n<meta property=\"og:type\" content=\"article\" \/>\n<meta property=\"og:title\" content=\"Privacy Policy\" \/>\n<meta property=\"og:description\" content=\"At SEO.London, we recognize that privacy of your personal information is important. Here is information on what types of personal information we receive and collect\" \/>\n<meta property=\"og:url\" content=\"https:\/\/seo.london\/fi\/tietosuojakaytanto\/\" \/>\n<meta property=\"og:site_name\" content=\"SEO.London\" \/>\n<meta property=\"article:modified_time\" content=\"2022-12-28T19:17:07+00:00\" \/>\n<meta name=\"twitter:card\" content=\"summary_large_image\" \/>\n<meta name=\"twitter:label1\" content=\"Arvioitu lukuaika\" \/>\n\t<meta name=\"twitter:data1\" content=\"3 minuuttia\" \/>\n<!-- \/ Yoast SEO Premium plugin. -->","yoast_head_json":{"title":"Tietosuojak\u00e4yt\u00e4nt\u00f6 - SEO.London","description":"Me SEO.Londonissa ymm\u00e4rr\u00e4mme, ett\u00e4 henkil\u00f6kohtaisten tietojesi yksityisyys on t\u00e4rke\u00e4\u00e4. Seuraavassa on tietoa siit\u00e4, mink\u00e4 tyyppisi\u00e4 henkil\u00f6tietoja vastaanotamme ja ker\u00e4\u00e4mme.","robots":{"index":"index","follow":"follow","max-snippet":"max-snippet:-1","max-image-preview":"max-image-preview:large","max-video-preview":"max-video-preview:-1"},"canonical":"https:\/\/seo.london\/fi\/tietosuojakaytanto\/","og_locale":"fi_FI","og_type":"article","og_title":"Privacy Policy","og_description":"At SEO.London, we recognize that privacy of your personal information is important. Here is information on what types of personal information we receive and collect","og_url":"https:\/\/seo.london\/fi\/tietosuojakaytanto\/","og_site_name":"SEO.London","article_modified_time":"2022-12-28T19:17:07+00:00","twitter_card":"summary_large_image","twitter_misc":{"Arvioitu lukuaika":"3 minuuttia"},"schema":{"@context":"https:\/\/schema.org","@graph":[{"@type":"WebPage","@id":"https:\/\/seo.london\/bg\/%d0%bf%d0%be%d0%bb%d0%b8%d1%82%d0%b8%d0%ba%d0%b0-%d0%b7%d0%b0-%d0%bf%d0%be%d0%b2%d0%b5%d1%80%d0%b8%d1%82%d0%b5%d0%bb%d0%bd%d0%be%d1%81%d1%82\/","url":"https:\/\/seo.london\/privacy-policy\/","name":"Tietosuojak\u00e4yt\u00e4nt\u00f6 - SEO.London","isPartOf":{"@id":"https:\/\/seo.london\/fi\/#website"},"datePublished":"2021-01-11T16:38:31+00:00","dateModified":"2022-12-28T19:17:07+00:00","description":"Me SEO.Londonissa ymm\u00e4rr\u00e4mme, ett\u00e4 henkil\u00f6kohtaisten tietojesi yksityisyys on t\u00e4rke\u00e4\u00e4. Seuraavassa on tietoa siit\u00e4, mink\u00e4 tyyppisi\u00e4 henkil\u00f6tietoja vastaanotamme ja ker\u00e4\u00e4mme.","breadcrumb":{"@id":"https:\/\/seo.london\/privacy-policy\/#breadcrumb"},"inLanguage":"fi","potentialAction":[{"@type":"ReadAction","target":["https:\/\/seo.london\/privacy-policy\/"]}]},{"@type":"BreadcrumbList","@id":"https:\/\/seo.london\/privacy-policy\/#breadcrumb","itemListElement":[{"@type":"ListItem","position":1,"name":"Home","item":"https:\/\/seo.london\/fr\/"},{"@type":"ListItem","position":2,"name":"Privacy Policy"}]},{"@type":"WebSite","@id":"https:\/\/seo.london\/fi\/#website","url":"https:\/\/seo.london\/fi\/","name":"SEO.London","description":"SEO-konsultti ja asiantuntijayritys Lontoossa, Yhdistyneess\u00e4 kuningaskunnassa - Lukasz Zelezny","potentialAction":[{"@type":"SearchAction","target":{"@type":"EntryPoint","urlTemplate":"https:\/\/seo.london\/fi\/?s={search_term_string}"},"query-input":{"@type":"PropertyValueSpecification","valueRequired":true,"valueName":"search_term_string"}}],"inLanguage":"fi"}]}},"_links":{"self":[{"href":"https:\/\/seo.london\/fi\/wp-json\/wp\/v2\/pages\/3","targetHints":{"allow":["GET"]}}],"collection":[{"href":"https:\/\/seo.london\/fi\/wp-json\/wp\/v2\/pages"}],"about":[{"href":"https:\/\/seo.london\/fi\/wp-json\/wp\/v2\/types\/page"}],"author":[{"embeddable":true,"href":"https:\/\/seo.london\/fi\/wp-json\/wp\/v2\/users\/1"}],"replies":[{"embeddable":true,"href":"https:\/\/seo.london\/fi\/wp-json\/wp\/v2\/comments?post=3"}],"version-history":[{"count":0,"href":"https:\/\/seo.london\/fi\/wp-json\/wp\/v2\/pages\/3\/revisions"}],"wp:attachment":[{"href":"https:\/\/seo.london\/fi\/wp-json\/wp\/v2\/media?parent=3"}],"curies":[{"name":"wp","href":"https:\/\/api.w.org\/{rel}","templated":true}]}}