{"id":176,"date":"2021-01-12T11:12:20","date_gmt":"2021-01-12T11:12:20","guid":{"rendered":"https:\/\/seo.london\/?page_id=176"},"modified":"2025-02-04T19:07:18","modified_gmt":"2025-02-04T19:07:18","slug":"seo-konsultant-london","status":"publish","type":"page","link":"https:\/\/seo.london\/et\/seo-konsultant-london\/","title":{"rendered":"SEO konsultant London"},"content":{"rendered":"","protected":false},"excerpt":{"rendered":"","protected":false},"author":3,"featured_media":25535,"parent":0,"menu_order":0,"comment_status":"closed","ping_status":"closed","template":"pagebuilder.php","meta":{"footnotes":""},"class_list":["post-176","page","type-page","status-publish","has-post-thumbnail","hentry"],"acf":[],"yoast_head":"<!-- This site is optimized with the Yoast SEO Premium plugin v20.9 (Yoast SEO v26.4) - https:\/\/yoast.com\/wordpress\/plugins\/seo\/ -->\n<title>SEO Consultant London, a Lukasz Zelezny Service - SEO.London<\/title>\n<meta name=\"description\" content=\"I\u2019m Lukasz Zelezny, the top SEO consultant in London. I have almost 20 years of experience in SEO including work with some of the largest UK brands.\" \/>\n<meta name=\"robots\" content=\"index, follow, max-snippet:-1, max-image-preview:large, max-video-preview:-1\" \/>\n<link rel=\"canonical\" href=\"https:\/\/seo.london\/et\/seo-konsultant-london\/\" \/>\n<meta property=\"og:locale\" content=\"et_EE\" \/>\n<meta property=\"og:type\" content=\"article\" \/>\n<meta property=\"og:title\" content=\"SEO Consultant London\" \/>\n<meta property=\"og:description\" content=\"I\u2019m Lukasz Zelezny, the top SEO consultant in London. I have almost 20 years of experience in SEO including work with some of the largest UK brands.\" \/>\n<meta property=\"og:url\" content=\"https:\/\/seo.london\/et\/seo-konsultant-london\/\" \/>\n<meta property=\"og:site_name\" content=\"SEO.London\" \/>\n<meta property=\"article:modified_time\" content=\"2025-02-04T19:07:18+00:00\" \/>\n<meta property=\"og:image\" content=\"https:\/\/seo.london\/wp-content\/uploads\/2022\/11\/seo-consultant.png\" \/>\n\t<meta property=\"og:image:width\" content=\"800\" \/>\n\t<meta property=\"og:image:height\" content=\"448\" \/>\n\t<meta property=\"og:image:type\" content=\"image\/png\" \/>\n<meta name=\"twitter:card\" content=\"summary_large_image\" \/>\n<meta name=\"twitter:label1\" content=\"Est. reading time\" \/>\n\t<meta name=\"twitter:data1\" content=\"1 minut\" \/>\n<!-- \/ Yoast SEO Premium plugin. -->","yoast_head_json":{"title":"SEO konsultant London, Lukasz Zelezny teenus - SEO.London","description":"Olen Lukasz Zelezny, Londoni parim SEO-konsultant. Mul on peaaegu 20-aastane kogemus SEO valdkonnas, sealhulgas t\u00f6\u00f6tan koos m\u00f5ne suurima \u00dchendkuningriigi kaubam\u00e4rgiga.","robots":{"index":"index","follow":"follow","max-snippet":"max-snippet:-1","max-image-preview":"max-image-preview:large","max-video-preview":"max-video-preview:-1"},"canonical":"https:\/\/seo.london\/et\/seo-konsultant-london\/","og_locale":"et_EE","og_type":"article","og_title":"SEO Consultant London","og_description":"I\u2019m Lukasz Zelezny, the top SEO consultant in London. I have almost 20 years of experience in SEO including work with some of the largest UK brands.","og_url":"https:\/\/seo.london\/et\/seo-konsultant-london\/","og_site_name":"SEO.London","article_modified_time":"2025-02-04T19:07:18+00:00","og_image":[{"width":800,"height":448,"url":"https:\/\/seo.london\/wp-content\/uploads\/2022\/11\/seo-consultant.png","type":"image\/png"}],"twitter_card":"summary_large_image","twitter_misc":{"Est. reading time":"1 minut"},"schema":{"@context":"https:\/\/schema.org","@graph":[{"@type":"WebPage","@id":"https:\/\/seo.london\/seo-consultant-london\/","url":"https:\/\/seo.london\/seo-consultant-london\/","name":"SEO konsultant London, Lukasz Zelezny teenus - SEO.London","isPartOf":{"@id":"https:\/\/seo.london\/fi\/#website"},"primaryImageOfPage":{"@id":"https:\/\/seo.london\/seo-consultant-london\/#primaryimage"},"image":{"@id":"https:\/\/seo.london\/seo-consultant-london\/#primaryimage"},"thumbnailUrl":"https:\/\/seo.london\/wp-content\/uploads\/2022\/11\/seo-consultant.png","datePublished":"2021-01-12T11:12:20+00:00","dateModified":"2025-02-04T19:07:18+00:00","description":"Olen Lukasz Zelezny, Londoni parim SEO-konsultant. Mul on peaaegu 20-aastane kogemus SEO valdkonnas, sealhulgas t\u00f6\u00f6tan koos m\u00f5ne suurima \u00dchendkuningriigi kaubam\u00e4rgiga.","breadcrumb":{"@id":"https:\/\/seo.london\/seo-consultant-london\/#breadcrumb"},"inLanguage":"et","potentialAction":[{"@type":"ReadAction","target":["https:\/\/seo.london\/seo-consultant-london\/"]}]},{"@type":"ImageObject","inLanguage":"et","@id":"https:\/\/seo.london\/seo-consultant-london\/#primaryimage","url":"https:\/\/seo.london\/wp-content\/uploads\/2022\/11\/seo-consultant.png","contentUrl":"https:\/\/seo.london\/wp-content\/uploads\/2022\/11\/seo-consultant.png","width":800,"height":448,"caption":"seo consultant"},{"@type":"BreadcrumbList","@id":"https:\/\/seo.london\/seo-consultant-london\/#breadcrumb","itemListElement":[{"@type":"ListItem","position":1,"name":"Home","item":"https:\/\/seo.london\/fr\/"},{"@type":"ListItem","position":2,"name":"SEO Consultant London"}]},{"@type":"WebSite","@id":"https:\/\/seo.london\/fi\/#website","url":"https:\/\/seo.london\/fi\/","name":"SEO.London","description":"SEO konsultant ja ekspertfirma Londonis, Suurbritannias - Lukasz Zelezny","potentialAction":[{"@type":"SearchAction","target":{"@type":"EntryPoint","urlTemplate":"https:\/\/seo.london\/fi\/?s={search_term_string}"},"query-input":{"@type":"PropertyValueSpecification","valueRequired":true,"valueName":"search_term_string"}}],"inLanguage":"et"}]}},"_links":{"self":[{"href":"https:\/\/seo.london\/et\/wp-json\/wp\/v2\/pages\/176","targetHints":{"allow":["GET"]}}],"collection":[{"href":"https:\/\/seo.london\/et\/wp-json\/wp\/v2\/pages"}],"about":[{"href":"https:\/\/seo.london\/et\/wp-json\/wp\/v2\/types\/page"}],"author":[{"embeddable":true,"href":"https:\/\/seo.london\/et\/wp-json\/wp\/v2\/users\/3"}],"replies":[{"embeddable":true,"href":"https:\/\/seo.london\/et\/wp-json\/wp\/v2\/comments?post=176"}],"version-history":[{"count":0,"href":"https:\/\/seo.london\/et\/wp-json\/wp\/v2\/pages\/176\/revisions"}],"wp:featuredmedia":[{"embeddable":true,"href":"https:\/\/seo.london\/et\/wp-json\/wp\/v2\/media\/25535"}],"wp:attachment":[{"href":"https:\/\/seo.london\/et\/wp-json\/wp\/v2\/media?parent=176"}],"curies":[{"name":"wp","href":"https:\/\/api.w.org\/{rel}","templated":true}]}}