{"id":170,"date":"2021-01-12T11:10:41","date_gmt":"2021-01-12T11:10:41","guid":{"rendered":"https:\/\/seo.london\/?page_id=170"},"modified":"2023-07-19T06:19:09","modified_gmt":"2023-07-19T06:19:09","slug":"nuestra-oferta","status":"publish","type":"page","link":"https:\/\/seo.london\/es\/nuestra-oferta\/","title":{"rendered":"Nuestra oferta"},"content":{"rendered":"","protected":false},"excerpt":{"rendered":"","protected":false},"author":3,"featured_media":0,"parent":0,"menu_order":0,"comment_status":"closed","ping_status":"closed","template":"pagebuilder.php","meta":{"footnotes":""},"class_list":["post-170","page","type-page","status-publish","hentry"],"acf":[],"yoast_head":"<!-- This site is optimized with the Yoast SEO Premium plugin v20.9 (Yoast SEO v26.4) - https:\/\/yoast.com\/wordpress\/plugins\/seo\/ -->\n<title>SEO Offer for Mid and Large Companies from L. Zelezny<\/title>\n<meta name=\"description\" content=\"Our Offer - Lukasz Zelezny with over 15 years of experience will help with performance of website in organic search. Please contact today.\" \/>\n<meta name=\"robots\" content=\"index, follow, max-snippet:-1, max-image-preview:large, max-video-preview:-1\" \/>\n<link rel=\"canonical\" href=\"https:\/\/seo.london\/es\/nuestra-oferta\/\" \/>\n<meta property=\"og:locale\" content=\"es_ES\" \/>\n<meta property=\"og:type\" content=\"article\" \/>\n<meta property=\"og:title\" content=\"Our Offer\" \/>\n<meta property=\"og:description\" content=\"Our Offer - Lukasz Zelezny with over 15 years of experience will help with performance of website in organic search. Please contact today.\" \/>\n<meta property=\"og:url\" content=\"https:\/\/seo.london\/es\/nuestra-oferta\/\" \/>\n<meta property=\"og:site_name\" content=\"SEO.London\" \/>\n<meta property=\"article:modified_time\" content=\"2023-07-19T06:19:09+00:00\" \/>\n<meta name=\"twitter:card\" content=\"summary_large_image\" \/>\n<!-- \/ Yoast SEO Premium plugin. -->","yoast_head_json":{"title":"Oferta de SEO para medianas y grandes empresas de L. Zelezny","description":"Nuestra oferta - Lukasz Zelezny con m\u00e1s de 15 a\u00f1os de experiencia le ayudar\u00e1 con el rendimiento del sitio web en la b\u00fasqueda org\u00e1nica. Por favor, p\u00f3ngase en contacto hoy.","robots":{"index":"index","follow":"follow","max-snippet":"max-snippet:-1","max-image-preview":"max-image-preview:large","max-video-preview":"max-video-preview:-1"},"canonical":"https:\/\/seo.london\/es\/nuestra-oferta\/","og_locale":"es_ES","og_type":"article","og_title":"Our Offer","og_description":"Our Offer - Lukasz Zelezny with over 15 years of experience will help with performance of website in organic search. Please contact today.","og_url":"https:\/\/seo.london\/es\/nuestra-oferta\/","og_site_name":"SEO.London","article_modified_time":"2023-07-19T06:19:09+00:00","twitter_card":"summary_large_image","schema":{"@context":"https:\/\/schema.org","@graph":[{"@type":"WebPage","@id":"https:\/\/seo.london\/our-offer\/","url":"https:\/\/seo.london\/our-offer\/","name":"Oferta de SEO para medianas y grandes empresas de L. Zelezny","isPartOf":{"@id":"https:\/\/seo.london\/fi\/#website"},"datePublished":"2021-01-12T11:10:41+00:00","dateModified":"2023-07-19T06:19:09+00:00","description":"Nuestra oferta - Lukasz Zelezny con m\u00e1s de 15 a\u00f1os de experiencia le ayudar\u00e1 con el rendimiento del sitio web en la b\u00fasqueda org\u00e1nica. Por favor, p\u00f3ngase en contacto hoy.","breadcrumb":{"@id":"https:\/\/seo.london\/our-offer\/#breadcrumb"},"inLanguage":"es","potentialAction":[{"@type":"ReadAction","target":["https:\/\/seo.london\/our-offer\/"]}]},{"@type":"BreadcrumbList","@id":"https:\/\/seo.london\/our-offer\/#breadcrumb","itemListElement":[{"@type":"ListItem","position":1,"name":"Home","item":"https:\/\/seo.london\/fr\/"},{"@type":"ListItem","position":2,"name":"Our Offer"}]},{"@type":"WebSite","@id":"https:\/\/seo.london\/fi\/#website","url":"https:\/\/seo.london\/fi\/","name":"SEO.Londres","description":"Consultor y experto en SEO en Londres, Reino Unido - Lukasz Zelezny","potentialAction":[{"@type":"SearchAction","target":{"@type":"EntryPoint","urlTemplate":"https:\/\/seo.london\/fi\/?s={search_term_string}"},"query-input":{"@type":"PropertyValueSpecification","valueRequired":true,"valueName":"search_term_string"}}],"inLanguage":"es"}]}},"_links":{"self":[{"href":"https:\/\/seo.london\/es\/wp-json\/wp\/v2\/pages\/170","targetHints":{"allow":["GET"]}}],"collection":[{"href":"https:\/\/seo.london\/es\/wp-json\/wp\/v2\/pages"}],"about":[{"href":"https:\/\/seo.london\/es\/wp-json\/wp\/v2\/types\/page"}],"author":[{"embeddable":true,"href":"https:\/\/seo.london\/es\/wp-json\/wp\/v2\/users\/3"}],"replies":[{"embeddable":true,"href":"https:\/\/seo.london\/es\/wp-json\/wp\/v2\/comments?post=170"}],"version-history":[{"count":0,"href":"https:\/\/seo.london\/es\/wp-json\/wp\/v2\/pages\/170\/revisions"}],"wp:attachment":[{"href":"https:\/\/seo.london\/es\/wp-json\/wp\/v2\/media?parent=170"}],"curies":[{"name":"wp","href":"https:\/\/api.w.org\/{rel}","templated":true}]}}